{"id":331386,"date":"2024-09-29T14:07:37","date_gmt":"2024-09-29T14:07:37","guid":{"rendered":"https:\/\/irankiuzona.lt\/product\/variklio-paleidejas-12v-3200p-a-booster\/"},"modified":"2026-04-11T08:04:39","modified_gmt":"2026-04-11T08:04:39","slug":"variklio-paleidejas-12v-3200p-a-booster","status":"publish","type":"product","link":"https:\/\/irankiuzona.lt\/ru\/product\/variklio-paleidejas-12v-3200p-a-booster\/","title":{"rendered":"Variklio paleid\u0117jas 12V 3200p.A (Booster)"},"content":{"rendered":"<p>Variklio u\u017eved\u0117jo (busteris, paleid\u0117jas) techniniai parametrai:<br \/>\n\u012etampa: 12VMaksimalus galingumas 3200 A.pAkumuliatoriaus talpa 12V 25 AhPaleidimo galingumas 1200 ASvoris (kg.): 8.900Pakrovimas 230VPakrovimo talpumas 12V 0.6 Ah (arba 1,5Ah)Automatinis pakrovimasPrideg\u0117jo lizdas kabelisPilnai izoliuotos prijungimo repl\u0117sPakrovimo \u012ftampaAkumuliatoriaus gyvybingumas* 400 cikl\u0173Kabelio skersmuo 25mm\u00c2\u00b2Kabelio ilgis 87 cmApsauga nuo kritini\u0173 \u012ftampos svyravim\u0173Hermeti\u0161kas akumuliatoriusAkumuliatori\u0173 kiekis 1Garantija 12 m\u0117n.<\/p>","protected":false},"excerpt":{"rendered":"<p>Variklio paleid\u0117jas 12V 3200p.A (Booster)<\/p>","protected":false},"featured_media":331388,"comment_status":"open","ping_status":"open","template":"","meta":[],"product_cat":[9815],"product_tag":[10158],"class_list":{"0":"post-331386","1":"product","2":"type-product","3":"status-publish","4":"has-post-thumbnail","6":"product_brand-lemaniaenergy","7":"product_cat-uzvedimo-laidai-paleidejai-busteriai","8":"product_tag-lemaniaenergy","10":"first","11":"instock","12":"purchasable","13":"product-type-simple"},"jetpack_sharing_enabled":true,"_links":{"self":[{"href":"https:\/\/irankiuzona.lt\/ru\/wp-json\/wp\/v2\/product\/331386","targetHints":{"allow":["GET"]}}],"collection":[{"href":"https:\/\/irankiuzona.lt\/ru\/wp-json\/wp\/v2\/product"}],"about":[{"href":"https:\/\/irankiuzona.lt\/ru\/wp-json\/wp\/v2\/types\/product"}],"replies":[{"embeddable":true,"href":"https:\/\/irankiuzona.lt\/ru\/wp-json\/wp\/v2\/comments?post=331386"}],"version-history":[{"count":1,"href":"https:\/\/irankiuzona.lt\/ru\/wp-json\/wp\/v2\/product\/331386\/revisions"}],"predecessor-version":[{"id":429130,"href":"https:\/\/irankiuzona.lt\/ru\/wp-json\/wp\/v2\/product\/331386\/revisions\/429130"}],"wp:featuredmedia":[{"embeddable":true,"href":"https:\/\/irankiuzona.lt\/ru\/wp-json\/wp\/v2\/media\/331388"}],"wp:attachment":[{"href":"https:\/\/irankiuzona.lt\/ru\/wp-json\/wp\/v2\/media?parent=331386"}],"wp:term":[{"taxonomy":"product_cat","embeddable":true,"href":"https:\/\/irankiuzona.lt\/ru\/wp-json\/wp\/v2\/product_cat?post=331386"},{"taxonomy":"product_tag","embeddable":true,"href":"https:\/\/irankiuzona.lt\/ru\/wp-json\/wp\/v2\/product_tag?post=331386"}],"curies":[{"name":"wp","href":"https:\/\/api.w.org\/{rel}","templated":true}]}}