{"id":331392,"date":"2024-09-29T14:07:37","date_gmt":"2024-09-29T14:07:37","guid":{"rendered":"https:\/\/irankiuzona.lt\/product\/priputimo-pistoletas-su-manometru-0-16bar\/"},"modified":"2026-04-11T04:24:23","modified_gmt":"2026-04-11T04:24:23","slug":"priputimo-pistoletas-su-manometru-0-16bar","status":"publish","type":"product","link":"https:\/\/irankiuzona.lt\/ru\/product\/priputimo-pistoletas-su-manometru-0-16bar\/","title":{"rendered":"Prip\u016btimo pistoletas su manometru 0-16bar"},"content":{"rendered":"<p>Max sl\u0117gis 16 bar\u017darnel\u0117s ilgis 280mm<\/p>","protected":false},"excerpt":{"rendered":"<p>Prip\u016btimo pistoletas su manometru 0-16bar<\/p>","protected":false},"featured_media":331394,"comment_status":"open","ping_status":"open","template":"","meta":[],"product_cat":[9472],"product_tag":[10151],"class_list":{"0":"post-331392","1":"product","2":"type-product","3":"status-publish","4":"has-post-thumbnail","6":"product_brand-lenkija-tiekejas","7":"product_cat-pistoletai-padangu-putimui","8":"product_tag-lenkija-tiekejas","10":"first","11":"outofstock","12":"purchasable","13":"product-type-simple"},"jetpack_sharing_enabled":true,"_links":{"self":[{"href":"https:\/\/irankiuzona.lt\/ru\/wp-json\/wp\/v2\/product\/331392","targetHints":{"allow":["GET"]}}],"collection":[{"href":"https:\/\/irankiuzona.lt\/ru\/wp-json\/wp\/v2\/product"}],"about":[{"href":"https:\/\/irankiuzona.lt\/ru\/wp-json\/wp\/v2\/types\/product"}],"replies":[{"embeddable":true,"href":"https:\/\/irankiuzona.lt\/ru\/wp-json\/wp\/v2\/comments?post=331392"}],"version-history":[{"count":1,"href":"https:\/\/irankiuzona.lt\/ru\/wp-json\/wp\/v2\/product\/331392\/revisions"}],"predecessor-version":[{"id":425483,"href":"https:\/\/irankiuzona.lt\/ru\/wp-json\/wp\/v2\/product\/331392\/revisions\/425483"}],"wp:featuredmedia":[{"embeddable":true,"href":"https:\/\/irankiuzona.lt\/ru\/wp-json\/wp\/v2\/media\/331394"}],"wp:attachment":[{"href":"https:\/\/irankiuzona.lt\/ru\/wp-json\/wp\/v2\/media?parent=331392"}],"wp:term":[{"taxonomy":"product_cat","embeddable":true,"href":"https:\/\/irankiuzona.lt\/ru\/wp-json\/wp\/v2\/product_cat?post=331392"},{"taxonomy":"product_tag","embeddable":true,"href":"https:\/\/irankiuzona.lt\/ru\/wp-json\/wp\/v2\/product_tag?post=331392"}],"curies":[{"name":"wp","href":"https:\/\/api.w.org\/{rel}","templated":true}]}}