{"id":331397,"date":"2024-09-29T14:07:37","date_gmt":"2024-09-29T14:07:37","guid":{"rendered":"https:\/\/irankiuzona.lt\/product\/magnetine-galvute-zvakei-14mm-12-kampe-su-prailgintoju\/"},"modified":"2025-10-15T21:20:53","modified_gmt":"2025-10-15T21:20:53","slug":"magnetine-galvute-zvakei-14mm-12-kampe-su-prailgintoju","status":"publish","type":"product","link":"https:\/\/irankiuzona.lt\/ru\/product\/magnetine-galvute-zvakei-14mm-12-kampe-su-prailgintoju\/","title":{"rendered":"Magnetin\u0117 galvut\u0117 \u017evakei 14mm 12-kamp\u0117 su prailgintoju"},"content":{"rendered":"<p>3\/8&#8221; galvut\u0117 \u017evakei su universaliu prailginimu ir magnetu 14mm kuri yra 12-kamp\u0117, kurios sienel\u0117s storis tik 1.7 mm Vidinis magnetas i\u0161laiko ir apsaugo 14 mm \u017evak\u0119, u\u017etikrindamas, kad jis tvirtai laikysis montuojant ir i\u0161imant. Nesijaudinkite, kad nukris \u012f variklio skyri\u0173 Pagaminta i\u0161 auk\u0161tos kokyb\u0117s patvaraus chromuoto vanad\u017eio plieno, yra patvarus ir atsparus r\u016bdims. 360 laipsni\u0173 pasukimas garantuoja maksimal\u0173 lankstum\u0105 D\u0117l plonos sienel\u0117s \u0161is \u012frankis yra suderinamas su BMW ir Nissan varikliais; RENAULT Modus, Twingo, Clio, Kangoo su 1.2 16V varikliu; PEUGEOT 207, 307; CITROEN C4 su 1.4 ir 1.6L 16V varikliu; C5 su 2,0 AG varikliu; M156, M276 variklis; Taip pat tinka MINI transporto priemon\u0117ms, tokioms kaip R55, R56, R57 ir R60<\/p>","protected":false},"excerpt":{"rendered":"<p>Magnetin\u0117 galvut\u0117 benzininei u\u017edegimo \u017evakei 14mm dvylikakamp\u0117 su prailginimu (30cm bendro ilgio)<\/p>","protected":false},"featured_media":331399,"comment_status":"open","ping_status":"open","template":"","meta":[],"product_cat":[9976],"product_tag":[],"class_list":{"0":"post-331397","1":"product","2":"type-product","3":"status-publish","4":"has-post-thumbnail","6":"product_cat-katalogas","8":"first","9":"outofstock","10":"purchasable","11":"product-type-simple"},"jetpack_sharing_enabled":true,"_links":{"self":[{"href":"https:\/\/irankiuzona.lt\/ru\/wp-json\/wp\/v2\/product\/331397","targetHints":{"allow":["GET"]}}],"collection":[{"href":"https:\/\/irankiuzona.lt\/ru\/wp-json\/wp\/v2\/product"}],"about":[{"href":"https:\/\/irankiuzona.lt\/ru\/wp-json\/wp\/v2\/types\/product"}],"replies":[{"embeddable":true,"href":"https:\/\/irankiuzona.lt\/ru\/wp-json\/wp\/v2\/comments?post=331397"}],"version-history":[{"count":1,"href":"https:\/\/irankiuzona.lt\/ru\/wp-json\/wp\/v2\/product\/331397\/revisions"}],"predecessor-version":[{"id":425485,"href":"https:\/\/irankiuzona.lt\/ru\/wp-json\/wp\/v2\/product\/331397\/revisions\/425485"}],"wp:featuredmedia":[{"embeddable":true,"href":"https:\/\/irankiuzona.lt\/ru\/wp-json\/wp\/v2\/media\/331399"}],"wp:attachment":[{"href":"https:\/\/irankiuzona.lt\/ru\/wp-json\/wp\/v2\/media?parent=331397"}],"wp:term":[{"taxonomy":"product_cat","embeddable":true,"href":"https:\/\/irankiuzona.lt\/ru\/wp-json\/wp\/v2\/product_cat?post=331397"},{"taxonomy":"product_tag","embeddable":true,"href":"https:\/\/irankiuzona.lt\/ru\/wp-json\/wp\/v2\/product_tag?post=331397"}],"curies":[{"name":"wp","href":"https:\/\/api.w.org\/{rel}","templated":true}]}}