{"id":346619,"date":"2024-09-29T14:02:36","date_gmt":"2024-09-29T14:02:36","guid":{"rendered":"https:\/\/irankiuzona.lt\/product\/stetoskopas-5\/"},"modified":"2026-03-16T17:35:11","modified_gmt":"2026-03-16T17:35:11","slug":"stetoskopas-3","status":"publish","type":"product","link":"https:\/\/irankiuzona.lt\/ru\/product\/stetoskopas-3\/","title":{"rendered":"Stetoskopas"},"content":{"rendered":"<p>Nustato triuk\u0161mo \u0161altinio viet\u0105<\/p>","protected":false},"excerpt":{"rendered":"<p>Stetoskopas<\/p>","protected":false},"featured_media":266532,"comment_status":"open","ping_status":"open","template":"","meta":[],"product_cat":[9550],"product_tag":[10087],"class_list":{"0":"post-346619","1":"product","2":"type-product","3":"status-publish","4":"has-post-thumbnail","6":"product_brand-verke","7":"product_cat-kiti-matuokliai-stetoskopai-termometrai-karbiuratoriams","8":"product_tag-verke","10":"first","11":"outofstock","12":"purchasable","13":"product-type-simple"},"jetpack_sharing_enabled":true,"_links":{"self":[{"href":"https:\/\/irankiuzona.lt\/ru\/wp-json\/wp\/v2\/product\/346619","targetHints":{"allow":["GET"]}}],"collection":[{"href":"https:\/\/irankiuzona.lt\/ru\/wp-json\/wp\/v2\/product"}],"about":[{"href":"https:\/\/irankiuzona.lt\/ru\/wp-json\/wp\/v2\/types\/product"}],"replies":[{"embeddable":true,"href":"https:\/\/irankiuzona.lt\/ru\/wp-json\/wp\/v2\/comments?post=346619"}],"version-history":[{"count":1,"href":"https:\/\/irankiuzona.lt\/ru\/wp-json\/wp\/v2\/product\/346619\/revisions"}],"predecessor-version":[{"id":423972,"href":"https:\/\/irankiuzona.lt\/ru\/wp-json\/wp\/v2\/product\/346619\/revisions\/423972"}],"wp:featuredmedia":[{"embeddable":true,"href":"https:\/\/irankiuzona.lt\/ru\/wp-json\/wp\/v2\/media\/266532"}],"wp:attachment":[{"href":"https:\/\/irankiuzona.lt\/ru\/wp-json\/wp\/v2\/media?parent=346619"}],"wp:term":[{"taxonomy":"product_cat","embeddable":true,"href":"https:\/\/irankiuzona.lt\/ru\/wp-json\/wp\/v2\/product_cat?post=346619"},{"taxonomy":"product_tag","embeddable":true,"href":"https:\/\/irankiuzona.lt\/ru\/wp-json\/wp\/v2\/product_tag?post=346619"}],"curies":[{"name":"wp","href":"https:\/\/api.w.org\/{rel}","templated":true}]}}