{"id":346657,"date":"2024-09-29T14:03:14","date_gmt":"2024-09-29T14:03:14","guid":{"rendered":"https:\/\/irankiuzona.lt\/product\/radiatoriaus-spaudimo-ir-ausinimo-sistemos-testavimo-komplektas-28vnt-2\/"},"modified":"2026-04-26T11:35:59","modified_gmt":"2026-04-26T11:35:59","slug":"radiatoriaus-spaudimo-ir-ausinimo-sistemos-testavimo-komplektas-28vnt-2","status":"publish","type":"product","link":"https:\/\/irankiuzona.lt\/ru\/product\/radiatoriaus-spaudimo-ir-ausinimo-sistemos-testavimo-komplektas-28vnt-2\/","title":{"rendered":"Radiatoriaus spaudimo ir au\u0161inimo sistemos testavimo komplektas, 28vnt."},"content":{"rendered":"<p>Tai prietaisas skirtas automobilio au\u0161inimo sistemai patikrinti.Prietaisas jungiamas prie automobilio au\u0161inimo sistemos i\u0161sipl\u0117timo bakelioarba tiesiai prie radiatoriaus speciali\u0173 adapteri\u0173 pagalba.Tinkamas visam standartiniam transportui.<br \/>\nJeep. Peugeot, Subaru, Chrysler, Acura, Mitsubishi, Nissan, Mazda, Toyota, Infiniti, Suzuki, Isuzu, Honda, Lexus, Volvo,Saab, Citroen, Renault, Fiat, Alfa, Mini Cooper, VW, BMW, Ford , Opel, Porsche, Audi, Mercedes \u2013 Benz, Dodge, Pontiac, Chevrolet,GEO, GM, KIA, Land Rover, Ssangyong,<\/p>","protected":false},"excerpt":{"rendered":"<p>Radiatoriaus spaudimo ir au\u0161inimo sistemos testavimo komplektas, 28vnt.<\/p>","protected":false},"featured_media":267051,"comment_status":"open","ping_status":"open","template":"","meta":[],"product_cat":[9563],"product_tag":[10130],"class_list":{"0":"post-346657","1":"product","2":"type-product","3":"status-publish","4":"has-post-thumbnail","6":"product_brand-satra-lenkija","7":"product_cat-irankiai-ausinimo-sistemai","8":"product_tag-satra-lenkija","10":"first","11":"instock","12":"purchasable","13":"product-type-simple"},"jetpack_sharing_enabled":true,"_links":{"self":[{"href":"https:\/\/irankiuzona.lt\/ru\/wp-json\/wp\/v2\/product\/346657","targetHints":{"allow":["GET"]}}],"collection":[{"href":"https:\/\/irankiuzona.lt\/ru\/wp-json\/wp\/v2\/product"}],"about":[{"href":"https:\/\/irankiuzona.lt\/ru\/wp-json\/wp\/v2\/types\/product"}],"replies":[{"embeddable":true,"href":"https:\/\/irankiuzona.lt\/ru\/wp-json\/wp\/v2\/comments?post=346657"}],"version-history":[{"count":1,"href":"https:\/\/irankiuzona.lt\/ru\/wp-json\/wp\/v2\/product\/346657\/revisions"}],"predecessor-version":[{"id":424145,"href":"https:\/\/irankiuzona.lt\/ru\/wp-json\/wp\/v2\/product\/346657\/revisions\/424145"}],"wp:featuredmedia":[{"embeddable":true,"href":"https:\/\/irankiuzona.lt\/ru\/wp-json\/wp\/v2\/media\/267051"}],"wp:attachment":[{"href":"https:\/\/irankiuzona.lt\/ru\/wp-json\/wp\/v2\/media?parent=346657"}],"wp:term":[{"taxonomy":"product_cat","embeddable":true,"href":"https:\/\/irankiuzona.lt\/ru\/wp-json\/wp\/v2\/product_cat?post=346657"},{"taxonomy":"product_tag","embeddable":true,"href":"https:\/\/irankiuzona.lt\/ru\/wp-json\/wp\/v2\/product_tag?post=346657"}],"curies":[{"name":"wp","href":"https:\/\/api.w.org\/{rel}","templated":true}]}}