{"id":347049,"date":"2024-09-29T14:07:45","date_gmt":"2024-09-29T14:07:45","guid":{"rendered":"https:\/\/irankiuzona.lt\/product\/sugadintu-varztu-ir-verzliu-atsukimo-komplektas-28vnt\/"},"modified":"2026-05-16T17:15:22","modified_gmt":"2026-05-16T17:15:22","slug":"sugadintu-varztu-ir-verzliu-atsukimo-komplektas-28vnt","status":"publish","type":"product","link":"https:\/\/irankiuzona.lt\/ru\/product\/sugadintu-varztu-ir-verzliu-atsukimo-komplektas-28vnt\/","title":{"rendered":"Sugadint\u0173 var\u017et\u0173 ir ver\u017eli\u0173 atsukimo komplektas 28vnt."},"content":{"rendered":"<p>Coliniai ir metriniai dyd\u017eiai.<br \/>\n3\/8&quot;&quot;\uff1a 1\/4&quot;&quot;-5\/16&quot;&quot;(8mm)-3\/8&quot;&quot;-10mm-7\/16&quot;&quot;( 11mm )1\/2&quot;&quot;-12mm-13mm-9\/16\u201d( 14mm) -5\/8\u201d( 16mm)-17mm-11\/16&quot;&quot;-3\/4\u201d(19mm)I\u0161sriegikliai -(3~6mm)-(6~8mm)-(8~11mm)-(11~15mm)-(14~18mm) Adapteris: 1\/2&quot;&quot; &#8211; 3\/8&quot;&quot;Ver\u017eli\u0173 nupjov\u0117jai &#8211; 2vnt<\/p>","protected":false},"excerpt":{"rendered":"<p>Sugadint\u0173 var\u017et\u0173 ir ver\u017eli\u0173 atsukimo komplektas 28vnt.<\/p>","protected":false},"featured_media":347051,"comment_status":"open","ping_status":"open","template":"","meta":[],"product_cat":[9805],"product_tag":[9435],"class_list":{"0":"post-347049","1":"product","2":"type-product","3":"status-publish","4":"has-post-thumbnail","6":"product_brand-kinija","7":"product_cat-sugadintu-varztu-ir-verzliu-nupjovejai","8":"product_tag-kinija","10":"first","11":"instock","12":"purchasable","13":"product-type-simple"},"jetpack_sharing_enabled":true,"_links":{"self":[{"href":"https:\/\/irankiuzona.lt\/ru\/wp-json\/wp\/v2\/product\/347049","targetHints":{"allow":["GET"]}}],"collection":[{"href":"https:\/\/irankiuzona.lt\/ru\/wp-json\/wp\/v2\/product"}],"about":[{"href":"https:\/\/irankiuzona.lt\/ru\/wp-json\/wp\/v2\/types\/product"}],"replies":[{"embeddable":true,"href":"https:\/\/irankiuzona.lt\/ru\/wp-json\/wp\/v2\/comments?post=347049"}],"version-history":[{"count":1,"href":"https:\/\/irankiuzona.lt\/ru\/wp-json\/wp\/v2\/product\/347049\/revisions"}],"predecessor-version":[{"id":425556,"href":"https:\/\/irankiuzona.lt\/ru\/wp-json\/wp\/v2\/product\/347049\/revisions\/425556"}],"wp:featuredmedia":[{"embeddable":true,"href":"https:\/\/irankiuzona.lt\/ru\/wp-json\/wp\/v2\/media\/347051"}],"wp:attachment":[{"href":"https:\/\/irankiuzona.lt\/ru\/wp-json\/wp\/v2\/media?parent=347049"}],"wp:term":[{"taxonomy":"product_cat","embeddable":true,"href":"https:\/\/irankiuzona.lt\/ru\/wp-json\/wp\/v2\/product_cat?post=347049"},{"taxonomy":"product_tag","embeddable":true,"href":"https:\/\/irankiuzona.lt\/ru\/wp-json\/wp\/v2\/product_tag?post=347049"}],"curies":[{"name":"wp","href":"https:\/\/api.w.org\/{rel}","templated":true}]}}