{"id":347056,"date":"2024-09-29T14:07:45","date_gmt":"2024-09-29T14:07:45","guid":{"rendered":"https:\/\/irankiuzona.lt\/product\/trumpas-kabliukas-stendui-o5x45mm\/"},"modified":"2025-05-08T22:35:12","modified_gmt":"2025-05-08T22:35:12","slug":"trumpas-kabliukas-stendui-o5x45mm","status":"publish","type":"product","link":"https:\/\/irankiuzona.lt\/ru\/product\/trumpas-kabliukas-stendui-o5x45mm\/","title":{"rendered":"Trumpas kabliukas stendui \/ \u00d85x45mm"},"content":{"rendered":"<p>Perforuotos sienel\u0117s kabliukas \u012frankiams \u00a0\u00d85x45mmGali b\u016bti naudojama, kaip priedas perforuotai sienelei ERBA-06601<\/p>","protected":false},"excerpt":{"rendered":"<p>Trumpas 45mm ilgio \u00d8 5mm kabliukas \u012frankiams pasikabinti perforuotai sienelei<\/p>","protected":false},"featured_media":347058,"comment_status":"open","ping_status":"open","template":"","meta":[],"product_cat":[9874],"product_tag":[9435],"class_list":{"0":"post-347056","1":"product","2":"type-product","3":"status-publish","4":"has-post-thumbnail","6":"product_brand-kinija","7":"product_cat-spinteles-stalvirsiai-perforuotos-sieneles","8":"product_tag-kinija","10":"first","11":"instock","12":"purchasable","13":"product-type-simple"},"jetpack_sharing_enabled":true,"_links":{"self":[{"href":"https:\/\/irankiuzona.lt\/ru\/wp-json\/wp\/v2\/product\/347056","targetHints":{"allow":["GET"]}}],"collection":[{"href":"https:\/\/irankiuzona.lt\/ru\/wp-json\/wp\/v2\/product"}],"about":[{"href":"https:\/\/irankiuzona.lt\/ru\/wp-json\/wp\/v2\/types\/product"}],"replies":[{"embeddable":true,"href":"https:\/\/irankiuzona.lt\/ru\/wp-json\/wp\/v2\/comments?post=347056"}],"version-history":[{"count":0,"href":"https:\/\/irankiuzona.lt\/ru\/wp-json\/wp\/v2\/product\/347056\/revisions"}],"wp:featuredmedia":[{"embeddable":true,"href":"https:\/\/irankiuzona.lt\/ru\/wp-json\/wp\/v2\/media\/347058"}],"wp:attachment":[{"href":"https:\/\/irankiuzona.lt\/ru\/wp-json\/wp\/v2\/media?parent=347056"}],"wp:term":[{"taxonomy":"product_cat","embeddable":true,"href":"https:\/\/irankiuzona.lt\/ru\/wp-json\/wp\/v2\/product_cat?post=347056"},{"taxonomy":"product_tag","embeddable":true,"href":"https:\/\/irankiuzona.lt\/ru\/wp-json\/wp\/v2\/product_tag?post=347056"}],"curies":[{"name":"wp","href":"https:\/\/api.w.org\/{rel}","templated":true}]}}