{"id":358737,"date":"2024-10-04T21:33:08","date_gmt":"2024-10-04T21:33:08","guid":{"rendered":"https:\/\/irankiuzona.lt\/product\/vamzdeliu-lankstymo-irankis-2\/"},"modified":"2026-04-20T09:43:10","modified_gmt":"2026-04-20T09:43:10","slug":"vamzdeliu-lankstymo-irankis-2","status":"publish","type":"product","link":"https:\/\/irankiuzona.lt\/ru\/product\/vamzdeliu-lankstymo-irankis-2\/","title":{"rendered":"Vamzdeli\u0173 lankstymo \u012frankis"},"content":{"rendered":"<p>Vamzdeli\u0173 lankstymo repl\u0117s \u00a090 \u00b0; \u00f8 3\/16&quot;, 1\/4&quot;, 5\/16&quot;, 3\/8&quot;  Papildoma informacija: 1 pav.<\/p>","protected":false},"excerpt":{"rendered":"<p>Vamzdeli\u0173 lankstymo \u012frankis<\/p>","protected":false},"featured_media":223770,"comment_status":"open","ping_status":"open","template":"","meta":[],"product_cat":[9753],"product_tag":[9462],"class_list":{"0":"post-358737","1":"product","2":"type-product","3":"status-publish","4":"has-post-thumbnail","6":"product_brand-condor-werkzeug-vokietija","7":"product_cat-irankiai-vamzdeliams","8":"product_tag-condor-werkzeug-vokietija","10":"first","11":"instock","12":"purchasable","13":"product-type-simple"},"jetpack_sharing_enabled":true,"_links":{"self":[{"href":"https:\/\/irankiuzona.lt\/ru\/wp-json\/wp\/v2\/product\/358737","targetHints":{"allow":["GET"]}}],"collection":[{"href":"https:\/\/irankiuzona.lt\/ru\/wp-json\/wp\/v2\/product"}],"about":[{"href":"https:\/\/irankiuzona.lt\/ru\/wp-json\/wp\/v2\/types\/product"}],"replies":[{"embeddable":true,"href":"https:\/\/irankiuzona.lt\/ru\/wp-json\/wp\/v2\/comments?post=358737"}],"version-history":[{"count":1,"href":"https:\/\/irankiuzona.lt\/ru\/wp-json\/wp\/v2\/product\/358737\/revisions"}],"predecessor-version":[{"id":410038,"href":"https:\/\/irankiuzona.lt\/ru\/wp-json\/wp\/v2\/product\/358737\/revisions\/410038"}],"wp:featuredmedia":[{"embeddable":true,"href":"https:\/\/irankiuzona.lt\/ru\/wp-json\/wp\/v2\/media\/223770"}],"wp:attachment":[{"href":"https:\/\/irankiuzona.lt\/ru\/wp-json\/wp\/v2\/media?parent=358737"}],"wp:term":[{"taxonomy":"product_cat","embeddable":true,"href":"https:\/\/irankiuzona.lt\/ru\/wp-json\/wp\/v2\/product_cat?post=358737"},{"taxonomy":"product_tag","embeddable":true,"href":"https:\/\/irankiuzona.lt\/ru\/wp-json\/wp\/v2\/product_tag?post=358737"}],"curies":[{"name":"wp","href":"https:\/\/api.w.org\/{rel}","templated":true}]}}