{"id":358797,"date":"2024-10-04T21:40:23","date_gmt":"2024-10-04T21:40:23","guid":{"rendered":"https:\/\/irankiuzona.lt\/product\/pistoletas-montazinems-putoms-320mm-2\/"},"modified":"2026-04-03T21:51:32","modified_gmt":"2026-04-03T21:51:32","slug":"pistoletas-montazinems-putoms-320mm-2","status":"publish","type":"product","link":"https:\/\/irankiuzona.lt\/ru\/product\/pistoletas-montazinems-putoms-320mm-2\/","title":{"rendered":"Pistoletas monta\u017ein\u0117ms putoms 320mm"},"content":{"rendered":"","protected":false},"excerpt":{"rendered":"<p>Pistoletas monta\u017ein\u0117ms putoms 320mm<\/p>","protected":false},"featured_media":226407,"comment_status":"open","ping_status":"open","template":"","meta":[],"product_cat":[9477],"product_tag":[9628],"class_list":{"0":"post-358797","1":"product","2":"type-product","3":"status-publish","4":"has-post-thumbnail","6":"product_brand-condor-lenkija","7":"product_cat-pistoletai-silikonui-hermetikui-montavimo-putoms","8":"product_tag-condor-lenkija","10":"first","11":"outofstock","12":"purchasable","13":"product-type-simple"},"jetpack_sharing_enabled":true,"_links":{"self":[{"href":"https:\/\/irankiuzona.lt\/ru\/wp-json\/wp\/v2\/product\/358797","targetHints":{"allow":["GET"]}}],"collection":[{"href":"https:\/\/irankiuzona.lt\/ru\/wp-json\/wp\/v2\/product"}],"about":[{"href":"https:\/\/irankiuzona.lt\/ru\/wp-json\/wp\/v2\/types\/product"}],"replies":[{"embeddable":true,"href":"https:\/\/irankiuzona.lt\/ru\/wp-json\/wp\/v2\/comments?post=358797"}],"version-history":[{"count":0,"href":"https:\/\/irankiuzona.lt\/ru\/wp-json\/wp\/v2\/product\/358797\/revisions"}],"wp:featuredmedia":[{"embeddable":true,"href":"https:\/\/irankiuzona.lt\/ru\/wp-json\/wp\/v2\/media\/226407"}],"wp:attachment":[{"href":"https:\/\/irankiuzona.lt\/ru\/wp-json\/wp\/v2\/media?parent=358797"}],"wp:term":[{"taxonomy":"product_cat","embeddable":true,"href":"https:\/\/irankiuzona.lt\/ru\/wp-json\/wp\/v2\/product_cat?post=358797"},{"taxonomy":"product_tag","embeddable":true,"href":"https:\/\/irankiuzona.lt\/ru\/wp-json\/wp\/v2\/product_tag?post=358797"}],"curies":[{"name":"wp","href":"https:\/\/api.w.org\/{rel}","templated":true}]}}