{"id":358799,"date":"2024-10-04T21:40:32","date_gmt":"2024-10-04T21:40:32","guid":{"rendered":"https:\/\/irankiuzona.lt\/product\/freza-pirstukine-medziui-4416168-mm-2\/"},"modified":"2026-04-03T21:51:47","modified_gmt":"2026-04-03T21:51:47","slug":"freza-pirstukine-medziui-4416168-mm-2","status":"publish","type":"product","link":"https:\/\/irankiuzona.lt\/ru\/product\/freza-pirstukine-medziui-4416168-mm-2\/","title":{"rendered":"Freza pir\u0161tukin\u0117 med\u017eiui 44*16*16*8 mm"},"content":{"rendered":"<p>Kotelio skersmuo 8 mm<br \/>\nFrezos skersmuo 44 mm<br \/>\nFrezos darbinis ilgis 16 mm<br \/>\nFrezos radius 16 \u2070<\/p>\n<p>2 flute bit. For rounding over with or without flat shapes in wood.<\/p>","protected":false},"excerpt":{"rendered":"<p>Med\u017eio pir\u0161tukin\u0117 freza\u00a044*16*16*8 mm\u00a0<\/p>","protected":false},"featured_media":226466,"comment_status":"open","ping_status":"open","template":"","meta":[],"product_cat":[9458],"product_tag":[9478],"class_list":{"0":"post-358799","1":"product","2":"type-product","3":"status-publish","4":"has-post-thumbnail","6":"product_brand-leman-prancuzija","7":"product_cat-medzio-frezos","8":"product_tag-leman-prancuzija","10":"first","11":"instock","12":"purchasable","13":"product-type-simple"},"jetpack_sharing_enabled":true,"_links":{"self":[{"href":"https:\/\/irankiuzona.lt\/ru\/wp-json\/wp\/v2\/product\/358799","targetHints":{"allow":["GET"]}}],"collection":[{"href":"https:\/\/irankiuzona.lt\/ru\/wp-json\/wp\/v2\/product"}],"about":[{"href":"https:\/\/irankiuzona.lt\/ru\/wp-json\/wp\/v2\/types\/product"}],"replies":[{"embeddable":true,"href":"https:\/\/irankiuzona.lt\/ru\/wp-json\/wp\/v2\/comments?post=358799"}],"version-history":[{"count":0,"href":"https:\/\/irankiuzona.lt\/ru\/wp-json\/wp\/v2\/product\/358799\/revisions"}],"wp:featuredmedia":[{"embeddable":true,"href":"https:\/\/irankiuzona.lt\/ru\/wp-json\/wp\/v2\/media\/226466"}],"wp:attachment":[{"href":"https:\/\/irankiuzona.lt\/ru\/wp-json\/wp\/v2\/media?parent=358799"}],"wp:term":[{"taxonomy":"product_cat","embeddable":true,"href":"https:\/\/irankiuzona.lt\/ru\/wp-json\/wp\/v2\/product_cat?post=358799"},{"taxonomy":"product_tag","embeddable":true,"href":"https:\/\/irankiuzona.lt\/ru\/wp-json\/wp\/v2\/product_tag?post=358799"}],"curies":[{"name":"wp","href":"https:\/\/api.w.org\/{rel}","templated":true}]}}