{"id":358817,"date":"2024-10-04T21:44:33","date_gmt":"2024-10-04T21:44:33","guid":{"rendered":"https:\/\/irankiuzona.lt\/product\/peiliuku-komplektas-daugiafunkcinis-2\/"},"modified":"2026-04-19T11:56:33","modified_gmt":"2026-04-19T11:56:33","slug":"peiliuku-komplektas-daugiafunkcinis-2","status":"publish","type":"product","link":"https:\/\/irankiuzona.lt\/ru\/product\/peiliuku-komplektas-daugiafunkcinis-2\/","title":{"rendered":"Peiliuk\u0173 komplektas \/ daugiafunkcinis"},"content":{"rendered":"<p>4 VNT. UNIVERSALI\u0172 PLOK\u0160TELI\u0172 RINKINYS GRIND\u0172 DARBAMS<br \/>\n\u00a04006.01 x1\u00a0 UNIVERSALAUS TVIRTINIMO MULTIFUNKCIN\u0116S PJOVIMO PLOK\u0160TEL\u0116S ( BI METALIN\u0116S). Skirtas medienai, metalui, aliuminiui, plastikui, tinkui ir kitoms mink\u0161toms med\u017eiagoms. Lengvai pjauna gaminius su vinimis, taip pat var\u012f.<br \/>\n\u00b7\u00a0\u00a0\u00a0\u00a0\u00a0\u00a0\u00a0 4007.01 X 1 UNIVERSALAUS TVIRTINIMO MULTIFUNKCIN\u0116S PJOVIMO PLOK\u0160TEL\u0116S ( BI METALIN\u0116S). Skirtas medienai, metalui, aluminiui, plastikui, tinkui ir kitoms mink\u0161toms med\u017eiagoms. Lengvai pjauna gaminius su vinimis, taip pat var\u012f<br \/>\n\u00b7\u00a0\u00a0\u00a0\u00a0\u00a0\u00a0\u00a0 4009.01 X 1 UNIVERSALAUS TVIRTINIMO,MULTIFUNKCIN\u0116, APVALI PJOVIMO PLOK\u0160TEL\u0116 ( BI METALIN\u0116). Skirtas medienai, metalui, aliuminiui, plastikui, variui tinkui ir kitoms mink\u0161toms med\u017eiagoms.Ypatingai tinka laminatui, med\u017eio plok\u0161t\u0117ms.<br \/>\n\u00b7\u00a0\u00a0\u00a0\u00a0\u00a0\u00a0\u00a0 4011.01 X 1 Standus anglies plieno multifunkcinis grandiklis. Skirtas plyteli\u0173 klij\u0173, cemento ir betono liku\u010di\u0173, kilimin\u0117s dangos klij\u0173 pjovimui\/\u0161alinimui<br \/>\n1x segment saw blade 22mm bi metal1x segment saw blade 32mm bi metal1x segment saw blade curved bi metal 87 mm1x cutter blade<\/p>","protected":false},"excerpt":{"rendered":"<p>Peiliuk\u0173 rinkinys grindims\u00a0<\/p>","protected":false},"featured_media":227874,"comment_status":"open","ping_status":"open","template":"","meta":[],"product_cat":[9760],"product_tag":[9478],"class_list":{"0":"post-358817","1":"product","2":"type-product","3":"status-publish","4":"has-post-thumbnail","6":"product_brand-leman-prancuzija","7":"product_cat-daugiafunkciniai-irankiai-ir-priedai","8":"product_tag-leman-prancuzija","10":"first","11":"instock","12":"purchasable","13":"product-type-simple"},"jetpack_sharing_enabled":true,"_links":{"self":[{"href":"https:\/\/irankiuzona.lt\/ru\/wp-json\/wp\/v2\/product\/358817","targetHints":{"allow":["GET"]}}],"collection":[{"href":"https:\/\/irankiuzona.lt\/ru\/wp-json\/wp\/v2\/product"}],"about":[{"href":"https:\/\/irankiuzona.lt\/ru\/wp-json\/wp\/v2\/types\/product"}],"replies":[{"embeddable":true,"href":"https:\/\/irankiuzona.lt\/ru\/wp-json\/wp\/v2\/comments?post=358817"}],"version-history":[{"count":1,"href":"https:\/\/irankiuzona.lt\/ru\/wp-json\/wp\/v2\/product\/358817\/revisions"}],"predecessor-version":[{"id":411317,"href":"https:\/\/irankiuzona.lt\/ru\/wp-json\/wp\/v2\/product\/358817\/revisions\/411317"}],"wp:featuredmedia":[{"embeddable":true,"href":"https:\/\/irankiuzona.lt\/ru\/wp-json\/wp\/v2\/media\/227874"}],"wp:attachment":[{"href":"https:\/\/irankiuzona.lt\/ru\/wp-json\/wp\/v2\/media?parent=358817"}],"wp:term":[{"taxonomy":"product_cat","embeddable":true,"href":"https:\/\/irankiuzona.lt\/ru\/wp-json\/wp\/v2\/product_cat?post=358817"},{"taxonomy":"product_tag","embeddable":true,"href":"https:\/\/irankiuzona.lt\/ru\/wp-json\/wp\/v2\/product_tag?post=358817"}],"curies":[{"name":"wp","href":"https:\/\/api.w.org\/{rel}","templated":true}]}}