{"id":358909,"date":"2024-10-04T21:51:31","date_gmt":"2024-10-04T21:51:31","guid":{"rendered":"https:\/\/irankiuzona.lt\/product\/valytuvu-akumuliatoriaus-gnybtu-nuemejas-3\/"},"modified":"2025-03-27T01:00:53","modified_gmt":"2025-03-27T01:00:53","slug":"valytuvu-akumuliatoriaus-gnybtu-nuemejas-3","status":"publish","type":"product","link":"https:\/\/irankiuzona.lt\/ru\/product\/valytuvu-akumuliatoriaus-gnybtu-nuemejas-3\/","title":{"rendered":"Valytuv\u0173, akumuliatoriaus gnybt\u0173 nuem\u0117jas"},"content":{"rendered":"<p>36-40 HRC<\/p>","protected":false},"excerpt":{"rendered":"<p>Valytuv\u0173, akumuliatoriaus gnybt\u0173 nuem\u0117jas<\/p>","protected":false},"featured_media":230866,"comment_status":"open","ping_status":"open","template":"","meta":[],"product_cat":[9530],"product_tag":[9898],"class_list":{"0":"post-358909","1":"product","2":"type-product","3":"status-publish","4":"has-post-thumbnail","6":"product_brand-avtodelo","7":"product_cat-valytuvu-nuemimui","8":"product_tag-avtodelo","10":"first","11":"outofstock","12":"purchasable","13":"product-type-simple"},"jetpack_sharing_enabled":true,"_links":{"self":[{"href":"https:\/\/irankiuzona.lt\/ru\/wp-json\/wp\/v2\/product\/358909","targetHints":{"allow":["GET"]}}],"collection":[{"href":"https:\/\/irankiuzona.lt\/ru\/wp-json\/wp\/v2\/product"}],"about":[{"href":"https:\/\/irankiuzona.lt\/ru\/wp-json\/wp\/v2\/types\/product"}],"replies":[{"embeddable":true,"href":"https:\/\/irankiuzona.lt\/ru\/wp-json\/wp\/v2\/comments?post=358909"}],"version-history":[{"count":0,"href":"https:\/\/irankiuzona.lt\/ru\/wp-json\/wp\/v2\/product\/358909\/revisions"}],"wp:featuredmedia":[{"embeddable":true,"href":"https:\/\/irankiuzona.lt\/ru\/wp-json\/wp\/v2\/media\/230866"}],"wp:attachment":[{"href":"https:\/\/irankiuzona.lt\/ru\/wp-json\/wp\/v2\/media?parent=358909"}],"wp:term":[{"taxonomy":"product_cat","embeddable":true,"href":"https:\/\/irankiuzona.lt\/ru\/wp-json\/wp\/v2\/product_cat?post=358909"},{"taxonomy":"product_tag","embeddable":true,"href":"https:\/\/irankiuzona.lt\/ru\/wp-json\/wp\/v2\/product_tag?post=358909"}],"curies":[{"name":"wp","href":"https:\/\/api.w.org\/{rel}","templated":true}]}}