{"id":358953,"date":"2024-10-04T21:53:41","date_gmt":"2024-10-04T21:53:41","guid":{"rendered":"https:\/\/irankiuzona.lt\/product\/nuemejas-trikojis-150mm-2\/"},"modified":"2026-05-15T22:27:21","modified_gmt":"2026-05-15T22:27:21","slug":"nuemejas-trikojis-150mm-2","status":"publish","type":"product","link":"https:\/\/irankiuzona.lt\/ru\/product\/nuemejas-trikojis-150mm-2\/","title":{"rendered":"Nu\u0117m\u0117jas trikojis 150mm"},"content":{"rendered":"<p>Guoli\u0173 nu\u0117mimo \u012frankis 3- \u0161akis 150 mm\u00a0nu\u0117m\u0117jas 3kojis \/ nu\u0117m\u0117jas 3-kojis \/ nu\u0117m\u0117jas trikojis<\/p>\n<p>reversible for internal and external, drop forged, chrome plated<\/p>","protected":false},"excerpt":{"rendered":"<p>Nu\u0117m\u0117jas trikojis 150mm<\/p>","protected":false},"featured_media":231806,"comment_status":"open","ping_status":"open","template":"","meta":[],"product_cat":[9579],"product_tag":[9462],"class_list":{"0":"post-358953","1":"product","2":"type-product","3":"status-publish","4":"has-post-thumbnail","6":"product_brand-condor-werkzeug-vokietija","7":"product_cat-trikojai-nuemejai","8":"product_tag-condor-werkzeug-vokietija","10":"first","11":"outofstock","12":"purchasable","13":"product-type-simple"},"jetpack_sharing_enabled":true,"_links":{"self":[{"href":"https:\/\/irankiuzona.lt\/ru\/wp-json\/wp\/v2\/product\/358953","targetHints":{"allow":["GET"]}}],"collection":[{"href":"https:\/\/irankiuzona.lt\/ru\/wp-json\/wp\/v2\/product"}],"about":[{"href":"https:\/\/irankiuzona.lt\/ru\/wp-json\/wp\/v2\/types\/product"}],"replies":[{"embeddable":true,"href":"https:\/\/irankiuzona.lt\/ru\/wp-json\/wp\/v2\/comments?post=358953"}],"version-history":[{"count":1,"href":"https:\/\/irankiuzona.lt\/ru\/wp-json\/wp\/v2\/product\/358953\/revisions"}],"predecessor-version":[{"id":412400,"href":"https:\/\/irankiuzona.lt\/ru\/wp-json\/wp\/v2\/product\/358953\/revisions\/412400"}],"wp:featuredmedia":[{"embeddable":true,"href":"https:\/\/irankiuzona.lt\/ru\/wp-json\/wp\/v2\/media\/231806"}],"wp:attachment":[{"href":"https:\/\/irankiuzona.lt\/ru\/wp-json\/wp\/v2\/media?parent=358953"}],"wp:term":[{"taxonomy":"product_cat","embeddable":true,"href":"https:\/\/irankiuzona.lt\/ru\/wp-json\/wp\/v2\/product_cat?post=358953"},{"taxonomy":"product_tag","embeddable":true,"href":"https:\/\/irankiuzona.lt\/ru\/wp-json\/wp\/v2\/product_tag?post=358953"}],"curies":[{"name":"wp","href":"https:\/\/api.w.org\/{rel}","templated":true}]}}