{"id":358961,"date":"2024-10-04T21:53:55","date_gmt":"2024-10-04T21:53:55","guid":{"rendered":"https:\/\/irankiuzona.lt\/product\/alyvos-spaudimo-matuoklis-automat-greicio-dezei-2\/"},"modified":"2026-04-22T01:44:14","modified_gmt":"2026-04-22T01:44:14","slug":"alyvos-spaudimo-matuoklis-automat-greicio-dezei-2","status":"publish","type":"product","link":"https:\/\/irankiuzona.lt\/ru\/product\/alyvos-spaudimo-matuoklis-automat-greicio-dezei-2\/","title":{"rendered":"Alyvos spaudimo matuoklis (automat. grei\u010dio d\u0117\u017eei)"},"content":{"rendered":"<p>Alyvos\u00a0spaudimo matuoklis Max 35 Bar\u00a0150 cm (automatinei grei\u010dio d\u0117\u017eei)  Apra\u0161ymas angl\u0173 kalba:<br \/>\nEngine Oil Pressure Tester Set for the check of pressure in the engine oil system, allowing timely identification of an oil pump defect or clogged oil ducts. This can mean savings amounting to the price of the overhaul of a seized-up engine. Includes a 2.5&quot; pressure gauge with a precise scale for 0 \u2013 300 psi (0 \u2013 21 bar) and a 600mm hose with a 1\/8&quot; connector. Comes complete with 9 pcs of 1\/4&quot; and 3\/8&quot; adaptors for universal application.  \u00a0<\/p>","protected":false},"excerpt":{"rendered":"<p>Alyvos\u00a0spaudimo matuoklis Max 35 Bar 150 cm (automatinei grei\u010dio d\u0117\u017eei)<\/p>","protected":false},"featured_media":231907,"comment_status":"open","ping_status":"open","template":"","meta":[],"product_cat":[9553],"product_tag":[9435],"class_list":{"0":"post-358961","1":"product","2":"type-product","3":"status-publish","4":"has-post-thumbnail","6":"product_brand-kinija","7":"product_cat-tepalo-spaudimo-matuokliai","8":"product_tag-kinija","10":"first","11":"outofstock","12":"purchasable","13":"product-type-simple"},"jetpack_sharing_enabled":true,"_links":{"self":[{"href":"https:\/\/irankiuzona.lt\/ru\/wp-json\/wp\/v2\/product\/358961","targetHints":{"allow":["GET"]}}],"collection":[{"href":"https:\/\/irankiuzona.lt\/ru\/wp-json\/wp\/v2\/product"}],"about":[{"href":"https:\/\/irankiuzona.lt\/ru\/wp-json\/wp\/v2\/types\/product"}],"replies":[{"embeddable":true,"href":"https:\/\/irankiuzona.lt\/ru\/wp-json\/wp\/v2\/comments?post=358961"}],"version-history":[{"count":1,"href":"https:\/\/irankiuzona.lt\/ru\/wp-json\/wp\/v2\/product\/358961\/revisions"}],"predecessor-version":[{"id":412429,"href":"https:\/\/irankiuzona.lt\/ru\/wp-json\/wp\/v2\/product\/358961\/revisions\/412429"}],"wp:featuredmedia":[{"embeddable":true,"href":"https:\/\/irankiuzona.lt\/ru\/wp-json\/wp\/v2\/media\/231907"}],"wp:attachment":[{"href":"https:\/\/irankiuzona.lt\/ru\/wp-json\/wp\/v2\/media?parent=358961"}],"wp:term":[{"taxonomy":"product_cat","embeddable":true,"href":"https:\/\/irankiuzona.lt\/ru\/wp-json\/wp\/v2\/product_cat?post=358961"},{"taxonomy":"product_tag","embeddable":true,"href":"https:\/\/irankiuzona.lt\/ru\/wp-json\/wp\/v2\/product_tag?post=358961"}],"curies":[{"name":"wp","href":"https:\/\/api.w.org\/{rel}","templated":true}]}}