{"id":359055,"date":"2024-10-04T21:58:39","date_gmt":"2024-10-04T21:58:39","guid":{"rendered":"https:\/\/irankiuzona.lt\/product\/smugine-galvute-ratams-su-apsauga-19mm-2\/"},"modified":"2026-04-16T22:42:59","modified_gmt":"2026-04-16T22:42:59","slug":"smugine-galvute-ratams-su-apsauga-19mm-2","status":"publish","type":"product","link":"https:\/\/irankiuzona.lt\/ru\/product\/smugine-galvute-ratams-su-apsauga-19mm-2\/","title":{"rendered":"Sm\u016bgin\u0117 galvut\u0117 ratams su apsauga 19mm"},"content":{"rendered":"<p>Ilgis &#8211; 85mm<\/p>","protected":false},"excerpt":{"rendered":"<p>Galvut\u0117 ratams 19mm 1\/2 su plasikine apsauga<\/p>","protected":false},"featured_media":233880,"comment_status":"open","ping_status":"open","template":"","meta":[],"product_cat":[9492],"product_tag":[9898],"class_list":{"0":"post-359055","1":"product","2":"type-product","3":"status-publish","4":"has-post-thumbnail","6":"product_brand-avtodelo","7":"product_cat-ratu-varztams-galvutes-raktai-sepeciai","8":"product_tag-avtodelo","10":"first","11":"instock","12":"purchasable","13":"product-type-simple"},"jetpack_sharing_enabled":true,"_links":{"self":[{"href":"https:\/\/irankiuzona.lt\/ru\/wp-json\/wp\/v2\/product\/359055","targetHints":{"allow":["GET"]}}],"collection":[{"href":"https:\/\/irankiuzona.lt\/ru\/wp-json\/wp\/v2\/product"}],"about":[{"href":"https:\/\/irankiuzona.lt\/ru\/wp-json\/wp\/v2\/types\/product"}],"replies":[{"embeddable":true,"href":"https:\/\/irankiuzona.lt\/ru\/wp-json\/wp\/v2\/comments?post=359055"}],"version-history":[{"count":1,"href":"https:\/\/irankiuzona.lt\/ru\/wp-json\/wp\/v2\/product\/359055\/revisions"}],"predecessor-version":[{"id":413039,"href":"https:\/\/irankiuzona.lt\/ru\/wp-json\/wp\/v2\/product\/359055\/revisions\/413039"}],"wp:featuredmedia":[{"embeddable":true,"href":"https:\/\/irankiuzona.lt\/ru\/wp-json\/wp\/v2\/media\/233880"}],"wp:attachment":[{"href":"https:\/\/irankiuzona.lt\/ru\/wp-json\/wp\/v2\/media?parent=359055"}],"wp:term":[{"taxonomy":"product_cat","embeddable":true,"href":"https:\/\/irankiuzona.lt\/ru\/wp-json\/wp\/v2\/product_cat?post=359055"},{"taxonomy":"product_tag","embeddable":true,"href":"https:\/\/irankiuzona.lt\/ru\/wp-json\/wp\/v2\/product_tag?post=359055"}],"curies":[{"name":"wp","href":"https:\/\/api.w.org\/{rel}","templated":true}]}}