{"id":359139,"date":"2024-10-04T22:01:14","date_gmt":"2024-10-04T22:01:14","guid":{"rendered":"https:\/\/irankiuzona.lt\/product\/terksliniu-raktu-vartomu-galu-komplektas-paklodeje-8-19-mm-2\/"},"modified":"2026-04-06T20:21:54","modified_gmt":"2026-04-06T20:21:54","slug":"terksliniu-raktu-vartomu-galu-komplektas-paklodeje-8-19-mm-2","status":"publish","type":"product","link":"https:\/\/irankiuzona.lt\/ru\/product\/terksliniu-raktu-vartomu-galu-komplektas-paklodeje-8-19-mm-2\/","title":{"rendered":"Terk\u0161lini\u0173 rakt\u0173 vartomu galu komplektas paklod\u0117je (8-19 mm)"},"content":{"rendered":"<p>72 dant\u0173 Komplekte: 8, 10, 12, 13, 14, 15, 17, 19 mm<\/p>","protected":false},"excerpt":{"rendered":"<p>Terk\u0161lini\u0173, kardanini\u0173 rakt\u0173 komplektas paklod\u0117je (8-19 mm)<\/p>","protected":false},"featured_media":234733,"comment_status":"open","ping_status":"closed","template":"","meta":[],"product_cat":[9610],"product_tag":[9898],"class_list":{"0":"post-359139","1":"product","2":"type-product","3":"status-publish","4":"has-post-thumbnail","6":"product_brand-avtodelo","7":"product_cat-terksliniu-raktu-komplektai","8":"product_tag-avtodelo","10":"first","11":"instock","12":"purchasable","13":"product-type-simple"},"jetpack_sharing_enabled":true,"_links":{"self":[{"href":"https:\/\/irankiuzona.lt\/ru\/wp-json\/wp\/v2\/product\/359139","targetHints":{"allow":["GET"]}}],"collection":[{"href":"https:\/\/irankiuzona.lt\/ru\/wp-json\/wp\/v2\/product"}],"about":[{"href":"https:\/\/irankiuzona.lt\/ru\/wp-json\/wp\/v2\/types\/product"}],"replies":[{"embeddable":true,"href":"https:\/\/irankiuzona.lt\/ru\/wp-json\/wp\/v2\/comments?post=359139"}],"version-history":[{"count":0,"href":"https:\/\/irankiuzona.lt\/ru\/wp-json\/wp\/v2\/product\/359139\/revisions"}],"wp:featuredmedia":[{"embeddable":true,"href":"https:\/\/irankiuzona.lt\/ru\/wp-json\/wp\/v2\/media\/234733"}],"wp:attachment":[{"href":"https:\/\/irankiuzona.lt\/ru\/wp-json\/wp\/v2\/media?parent=359139"}],"wp:term":[{"taxonomy":"product_cat","embeddable":true,"href":"https:\/\/irankiuzona.lt\/ru\/wp-json\/wp\/v2\/product_cat?post=359139"},{"taxonomy":"product_tag","embeddable":true,"href":"https:\/\/irankiuzona.lt\/ru\/wp-json\/wp\/v2\/product_tag?post=359139"}],"curies":[{"name":"wp","href":"https:\/\/api.w.org\/{rel}","templated":true}]}}