{"id":359147,"date":"2024-10-04T22:02:00","date_gmt":"2024-10-04T22:02:00","guid":{"rendered":"https:\/\/irankiuzona.lt\/product\/stabdziu-suportu-remonto-komplektas-18daliu\/"},"modified":"2025-03-26T13:15:27","modified_gmt":"2025-03-26T13:15:27","slug":"stabdziu-suportu-remonto-komplektas-18daliu","status":"publish","type":"product","link":"https:\/\/irankiuzona.lt\/ru\/product\/stabdziu-suportu-remonto-komplektas-18daliu\/","title":{"rendered":"Stabd\u017ei\u0173 suport\u0173 remonto komplektas 18dali\u0173"},"content":{"rendered":"<p>\u2022 Intended for heating of brake cylinders of cars with a disk brake system. \u2022 Equipped with the adapters for maintenance and repair works of the brake system of the most common brands of cars. \u2022 Set includes two thrust screws for brake cylinders with ri<\/p>","protected":false},"excerpt":{"rendered":"<p>Stabd\u017ei\u0173 suport\u0173 remonto komplektas 18dali\u0173<\/p>","protected":false},"featured_media":235047,"comment_status":"open","ping_status":"open","template":"","meta":[],"product_cat":[9540],"product_tag":[9898],"class_list":{"0":"post-359147","1":"product","2":"type-product","3":"status-publish","4":"has-post-thumbnail","6":"product_brand-avtodelo","7":"product_cat-suportu-remonto-irankiai","8":"product_tag-avtodelo","10":"first","11":"outofstock","12":"purchasable","13":"product-type-simple"},"jetpack_sharing_enabled":true,"_links":{"self":[{"href":"https:\/\/irankiuzona.lt\/ru\/wp-json\/wp\/v2\/product\/359147","targetHints":{"allow":["GET"]}}],"collection":[{"href":"https:\/\/irankiuzona.lt\/ru\/wp-json\/wp\/v2\/product"}],"about":[{"href":"https:\/\/irankiuzona.lt\/ru\/wp-json\/wp\/v2\/types\/product"}],"replies":[{"embeddable":true,"href":"https:\/\/irankiuzona.lt\/ru\/wp-json\/wp\/v2\/comments?post=359147"}],"version-history":[{"count":0,"href":"https:\/\/irankiuzona.lt\/ru\/wp-json\/wp\/v2\/product\/359147\/revisions"}],"wp:featuredmedia":[{"embeddable":true,"href":"https:\/\/irankiuzona.lt\/ru\/wp-json\/wp\/v2\/media\/235047"}],"wp:attachment":[{"href":"https:\/\/irankiuzona.lt\/ru\/wp-json\/wp\/v2\/media?parent=359147"}],"wp:term":[{"taxonomy":"product_cat","embeddable":true,"href":"https:\/\/irankiuzona.lt\/ru\/wp-json\/wp\/v2\/product_cat?post=359147"},{"taxonomy":"product_tag","embeddable":true,"href":"https:\/\/irankiuzona.lt\/ru\/wp-json\/wp\/v2\/product_tag?post=359147"}],"curies":[{"name":"wp","href":"https:\/\/api.w.org\/{rel}","templated":true}]}}