{"id":359253,"date":"2024-10-05T03:15:21","date_gmt":"2024-10-05T03:15:21","guid":{"rendered":"https:\/\/irankiuzona.lt\/product\/apsauginiai-akiniai-en166-3\/"},"modified":"2026-04-15T22:25:04","modified_gmt":"2026-04-15T22:25:04","slug":"apsauginiai-akiniai-en166-3","status":"publish","type":"product","link":"https:\/\/irankiuzona.lt\/ru\/product\/apsauginiai-akiniai-en166-3\/","title":{"rendered":"Apsauginiai akiniai \/ EN166"},"content":{"rendered":"<p>180 x 120 mm<br \/>\nAkiniai apsaugo akis remonto ir statybos darb\u0173 metu. Gaminys yra i\u0161bandytas ir CE patvirtintas pagal EN 166:2001.<br \/>\nauk\u0161tos kokyb\u0117s skaidrus PC stiklasspeciali anti-rasojanti dangaatspar\u016bs\u00a0\u012fbr\u0117\u017eimamsreguliuojamos smilkin\u0117s, prisitaikan\u010dios prie veido profili\u0173.<\/p>","protected":false},"excerpt":{"rendered":"<p>Apsauginiai, skaidr\u016bs akiniai<\/p>","protected":false},"featured_media":236707,"comment_status":"open","ping_status":"open","template":"","meta":[],"product_cat":[9848],"product_tag":[9969],"class_list":{"0":"post-359253","1":"product","2":"type-product","3":"status-publish","4":"has-post-thumbnail","6":"product_brand-hogert-technik-vokietija","7":"product_cat-apsauginiai-akiniai","8":"product_tag-hogert-technik-vokietija","10":"first","11":"outofstock","12":"purchasable","13":"product-type-simple"},"jetpack_sharing_enabled":true,"_links":{"self":[{"href":"https:\/\/irankiuzona.lt\/ru\/wp-json\/wp\/v2\/product\/359253","targetHints":{"allow":["GET"]}}],"collection":[{"href":"https:\/\/irankiuzona.lt\/ru\/wp-json\/wp\/v2\/product"}],"about":[{"href":"https:\/\/irankiuzona.lt\/ru\/wp-json\/wp\/v2\/types\/product"}],"replies":[{"embeddable":true,"href":"https:\/\/irankiuzona.lt\/ru\/wp-json\/wp\/v2\/comments?post=359253"}],"version-history":[{"count":1,"href":"https:\/\/irankiuzona.lt\/ru\/wp-json\/wp\/v2\/product\/359253\/revisions"}],"predecessor-version":[{"id":413814,"href":"https:\/\/irankiuzona.lt\/ru\/wp-json\/wp\/v2\/product\/359253\/revisions\/413814"}],"wp:featuredmedia":[{"embeddable":true,"href":"https:\/\/irankiuzona.lt\/ru\/wp-json\/wp\/v2\/media\/236707"}],"wp:attachment":[{"href":"https:\/\/irankiuzona.lt\/ru\/wp-json\/wp\/v2\/media?parent=359253"}],"wp:term":[{"taxonomy":"product_cat","embeddable":true,"href":"https:\/\/irankiuzona.lt\/ru\/wp-json\/wp\/v2\/product_cat?post=359253"},{"taxonomy":"product_tag","embeddable":true,"href":"https:\/\/irankiuzona.lt\/ru\/wp-json\/wp\/v2\/product_tag?post=359253"}],"curies":[{"name":"wp","href":"https:\/\/api.w.org\/{rel}","templated":true}]}}