{"id":359311,"date":"2024-10-05T03:18:55","date_gmt":"2024-10-05T03:18:55","guid":{"rendered":"https:\/\/irankiuzona.lt\/product\/reples-apdailos-ardymui-2\/"},"modified":"2026-05-15T15:20:24","modified_gmt":"2026-05-15T15:20:24","slug":"reples-apdailos-ardymui-2","status":"publish","type":"product","link":"https:\/\/irankiuzona.lt\/ru\/product\/reples-apdailos-ardymui-2\/","title":{"rendered":"Repl\u0117s apdailos ardymui"},"content":{"rendered":"<p>4-way adjustable head from 0-90\u00b0<br \/>\nfor opening reusable two-piece plastic rivets and clips<\/p>","protected":false},"excerpt":{"rendered":"<p>Repl\u0117s apdailos ardymui, klips\u0173 ir knied\u017ei\u0173 i\u0161traukimui<\/p>","protected":false},"featured_media":238288,"comment_status":"open","ping_status":"open","template":"","meta":[],"product_cat":[9529],"product_tag":[9462],"class_list":{"0":"post-359311","1":"product","2":"type-product","3":"status-publish","4":"has-post-thumbnail","6":"product_brand-condor-werkzeug-vokietija","7":"product_cat-irankiai-apdailos-ardymui","8":"product_tag-condor-werkzeug-vokietija","10":"first","11":"outofstock","12":"purchasable","13":"product-type-simple"},"jetpack_sharing_enabled":true,"_links":{"self":[{"href":"https:\/\/irankiuzona.lt\/ru\/wp-json\/wp\/v2\/product\/359311","targetHints":{"allow":["GET"]}}],"collection":[{"href":"https:\/\/irankiuzona.lt\/ru\/wp-json\/wp\/v2\/product"}],"about":[{"href":"https:\/\/irankiuzona.lt\/ru\/wp-json\/wp\/v2\/types\/product"}],"replies":[{"embeddable":true,"href":"https:\/\/irankiuzona.lt\/ru\/wp-json\/wp\/v2\/comments?post=359311"}],"version-history":[{"count":1,"href":"https:\/\/irankiuzona.lt\/ru\/wp-json\/wp\/v2\/product\/359311\/revisions"}],"predecessor-version":[{"id":414291,"href":"https:\/\/irankiuzona.lt\/ru\/wp-json\/wp\/v2\/product\/359311\/revisions\/414291"}],"wp:featuredmedia":[{"embeddable":true,"href":"https:\/\/irankiuzona.lt\/ru\/wp-json\/wp\/v2\/media\/238288"}],"wp:attachment":[{"href":"https:\/\/irankiuzona.lt\/ru\/wp-json\/wp\/v2\/media?parent=359311"}],"wp:term":[{"taxonomy":"product_cat","embeddable":true,"href":"https:\/\/irankiuzona.lt\/ru\/wp-json\/wp\/v2\/product_cat?post=359311"},{"taxonomy":"product_tag","embeddable":true,"href":"https:\/\/irankiuzona.lt\/ru\/wp-json\/wp\/v2\/product_tag?post=359311"}],"curies":[{"name":"wp","href":"https:\/\/api.w.org\/{rel}","templated":true}]}}