{"id":359419,"date":"2024-10-05T03:21:59","date_gmt":"2024-10-05T03:21:59","guid":{"rendered":"https:\/\/irankiuzona.lt\/product\/kirvis-1000-g\/"},"modified":"2026-04-08T05:54:06","modified_gmt":"2026-04-08T05:54:06","slug":"kirvis-1000-g","status":"publish","type":"product","link":"https:\/\/irankiuzona.lt\/ru\/product\/kirvis-1000-g\/","title":{"rendered":"Kirvis 1000 g"},"content":{"rendered":"<p>nukalta galva. pagamintas i\u0161 plieno, gr\u016bdintas, a\u0161men\u0173 kietumas 47-55 HRC. rankena apsaugota nuo UV spinduli\u0173 ir dr\u0117gm\u0117s. pagamintas pagal DIN 5131<\/p>","protected":false},"excerpt":{"rendered":"<p>Kirvis 1000 g<\/p>","protected":false},"featured_media":239549,"comment_status":"open","ping_status":"open","template":"","meta":[],"product_cat":[9457],"product_tag":[9969],"class_list":{"0":"post-359419","1":"product","2":"type-product","3":"status-publish","4":"has-post-thumbnail","6":"product_brand-hogert-technik-vokietija","7":"product_cat-kirviai-kalunai-pleistai","8":"product_tag-hogert-technik-vokietija","10":"first","11":"instock","12":"purchasable","13":"product-type-simple"},"jetpack_sharing_enabled":true,"_links":{"self":[{"href":"https:\/\/irankiuzona.lt\/ru\/wp-json\/wp\/v2\/product\/359419","targetHints":{"allow":["GET"]}}],"collection":[{"href":"https:\/\/irankiuzona.lt\/ru\/wp-json\/wp\/v2\/product"}],"about":[{"href":"https:\/\/irankiuzona.lt\/ru\/wp-json\/wp\/v2\/types\/product"}],"replies":[{"embeddable":true,"href":"https:\/\/irankiuzona.lt\/ru\/wp-json\/wp\/v2\/comments?post=359419"}],"version-history":[{"count":0,"href":"https:\/\/irankiuzona.lt\/ru\/wp-json\/wp\/v2\/product\/359419\/revisions"}],"wp:featuredmedia":[{"embeddable":true,"href":"https:\/\/irankiuzona.lt\/ru\/wp-json\/wp\/v2\/media\/239549"}],"wp:attachment":[{"href":"https:\/\/irankiuzona.lt\/ru\/wp-json\/wp\/v2\/media?parent=359419"}],"wp:term":[{"taxonomy":"product_cat","embeddable":true,"href":"https:\/\/irankiuzona.lt\/ru\/wp-json\/wp\/v2\/product_cat?post=359419"},{"taxonomy":"product_tag","embeddable":true,"href":"https:\/\/irankiuzona.lt\/ru\/wp-json\/wp\/v2\/product_tag?post=359419"}],"curies":[{"name":"wp","href":"https:\/\/api.w.org\/{rel}","templated":true}]}}