{"id":359559,"date":"2024-10-05T03:27:15","date_gmt":"2024-10-05T03:27:15","guid":{"rendered":"https:\/\/irankiuzona.lt\/product\/pneumatinis-pistoletas-graviteksui-2\/"},"modified":"2025-10-29T20:15:44","modified_gmt":"2025-10-29T20:15:44","slug":"pneumatinis-pistoletas-graviteksui-2","status":"publish","type":"product","link":"https:\/\/irankiuzona.lt\/ru\/product\/pneumatinis-pistoletas-graviteksui-2\/","title":{"rendered":"Pneumatinis pistoletas graviteksui"},"content":{"rendered":"<p>Naudojamas \u012fvairi\u0173 pavir\u0161i\u0173 apdorojimui antikoroziniais mi\u0161iniais.<\/p>\n<p>Darbinis sl\u0117gis: 4 bar.<br \/>\nMaksimalus sl\u0117gis: 6 bar.<br \/>\nMaksimalios oro s\u0105naudos: 320 l\/min.<\/p>","protected":false},"excerpt":{"rendered":"<p>Pneumatinis antikorozini\u0173 mi\u0161ini\u0173 pistoletas gravi<\/p>","protected":false},"featured_media":241557,"comment_status":"open","ping_status":"open","template":"","meta":[],"product_cat":[9889],"product_tag":[9435],"class_list":{"0":"post-359559","1":"product","2":"type-product","3":"status-publish","4":"has-post-thumbnail","6":"product_brand-kinija","7":"product_cat-pistoletai-graviteksui","8":"product_tag-kinija","10":"first","11":"outofstock","12":"purchasable","13":"product-type-simple"},"jetpack_sharing_enabled":true,"_links":{"self":[{"href":"https:\/\/irankiuzona.lt\/ru\/wp-json\/wp\/v2\/product\/359559","targetHints":{"allow":["GET"]}}],"collection":[{"href":"https:\/\/irankiuzona.lt\/ru\/wp-json\/wp\/v2\/product"}],"about":[{"href":"https:\/\/irankiuzona.lt\/ru\/wp-json\/wp\/v2\/types\/product"}],"replies":[{"embeddable":true,"href":"https:\/\/irankiuzona.lt\/ru\/wp-json\/wp\/v2\/comments?post=359559"}],"version-history":[{"count":1,"href":"https:\/\/irankiuzona.lt\/ru\/wp-json\/wp\/v2\/product\/359559\/revisions"}],"predecessor-version":[{"id":415330,"href":"https:\/\/irankiuzona.lt\/ru\/wp-json\/wp\/v2\/product\/359559\/revisions\/415330"}],"wp:featuredmedia":[{"embeddable":true,"href":"https:\/\/irankiuzona.lt\/ru\/wp-json\/wp\/v2\/media\/241557"}],"wp:attachment":[{"href":"https:\/\/irankiuzona.lt\/ru\/wp-json\/wp\/v2\/media?parent=359559"}],"wp:term":[{"taxonomy":"product_cat","embeddable":true,"href":"https:\/\/irankiuzona.lt\/ru\/wp-json\/wp\/v2\/product_cat?post=359559"},{"taxonomy":"product_tag","embeddable":true,"href":"https:\/\/irankiuzona.lt\/ru\/wp-json\/wp\/v2\/product_tag?post=359559"}],"curies":[{"name":"wp","href":"https:\/\/api.w.org\/{rel}","templated":true}]}}