{"id":359583,"date":"2024-10-05T03:29:21","date_gmt":"2024-10-05T03:29:21","guid":{"rendered":"https:\/\/irankiuzona.lt\/product\/l-formos-hex-6-kamp-komplektas-suapvalintu-galu-s2-2\/"},"modified":"2026-04-13T15:24:55","modified_gmt":"2026-04-13T15:24:55","slug":"l-formos-hex-6-kamp-komplektas-suapvalintu-galu-s2-2","status":"publish","type":"product","link":"https:\/\/irankiuzona.lt\/ru\/product\/l-formos-hex-6-kamp-komplektas-suapvalintu-galu-s2-2\/","title":{"rendered":"L-formos HEX (6-kamp.) komplektas suapvalintu galu S2"},"content":{"rendered":"<p>Lenkti \u0161e\u0161iakampiai L-formos.S2 plienasKomplekte: H1,5-H2-H2,5-H3-H4-H5-H6-H8-H10 mm<\/p>","protected":false},"excerpt":{"rendered":"<p>Lenkt\u0173 L-formos \u0161e\u0161iakampi\u0173 komplektas suapvalintu galu \/ S2 plienas<\/p>","protected":false},"featured_media":242528,"comment_status":"open","ping_status":"open","template":"","meta":[],"product_cat":[9560],"product_tag":[9716],"class_list":{"0":"post-359583","1":"product","2":"type-product","3":"status-publish","4":"has-post-thumbnail","6":"product_brand-jufisto-lenkija","7":"product_cat-l-formos-torx-ir-hex-raktu-komplektai","8":"product_tag-jufisto-lenkija","10":"first","11":"outofstock","12":"purchasable","13":"product-type-simple"},"jetpack_sharing_enabled":true,"_links":{"self":[{"href":"https:\/\/irankiuzona.lt\/ru\/wp-json\/wp\/v2\/product\/359583","targetHints":{"allow":["GET"]}}],"collection":[{"href":"https:\/\/irankiuzona.lt\/ru\/wp-json\/wp\/v2\/product"}],"about":[{"href":"https:\/\/irankiuzona.lt\/ru\/wp-json\/wp\/v2\/types\/product"}],"replies":[{"embeddable":true,"href":"https:\/\/irankiuzona.lt\/ru\/wp-json\/wp\/v2\/comments?post=359583"}],"version-history":[{"count":1,"href":"https:\/\/irankiuzona.lt\/ru\/wp-json\/wp\/v2\/product\/359583\/revisions"}],"predecessor-version":[{"id":415621,"href":"https:\/\/irankiuzona.lt\/ru\/wp-json\/wp\/v2\/product\/359583\/revisions\/415621"}],"wp:featuredmedia":[{"embeddable":true,"href":"https:\/\/irankiuzona.lt\/ru\/wp-json\/wp\/v2\/media\/242528"}],"wp:attachment":[{"href":"https:\/\/irankiuzona.lt\/ru\/wp-json\/wp\/v2\/media?parent=359583"}],"wp:term":[{"taxonomy":"product_cat","embeddable":true,"href":"https:\/\/irankiuzona.lt\/ru\/wp-json\/wp\/v2\/product_cat?post=359583"},{"taxonomy":"product_tag","embeddable":true,"href":"https:\/\/irankiuzona.lt\/ru\/wp-json\/wp\/v2\/product_tag?post=359583"}],"curies":[{"name":"wp","href":"https:\/\/api.w.org\/{rel}","templated":true}]}}