{"id":359675,"date":"2024-10-05T03:32:06","date_gmt":"2024-10-05T03:32:06","guid":{"rendered":"https:\/\/irankiuzona.lt\/product\/reples-kuro-zarnelems-2\/"},"modified":"2025-03-26T14:00:25","modified_gmt":"2025-03-26T14:00:25","slug":"reples-kuro-zarnelems-2","status":"publish","type":"product","link":"https:\/\/irankiuzona.lt\/ru\/product\/reples-kuro-zarnelems-2\/","title":{"rendered":"Repl\u0117s kuro \u017earnel\u0117ms"},"content":{"rendered":"<p>FUEL LINE CONNECTOR PLIERS \/ 200mm<\/p>\n<p>Working grippers design allows to detach the fuel line connector from the fuel filter.<br \/>\nIntended for Mercedes Benz, Ford, Mazda, VW, Audi, Opel, Fiat, GM, BMW.<br \/>\nMade of chrome-vanadium tool steel by the hot stamping method (forging hammers) with subsequent heat treatment.<br \/>\nHas comfortable ergonomic rubber handles.<br \/>\nDelivered in individual blister packing.<\/p>","protected":false},"excerpt":{"rendered":"<p>Repl\u0117s kuro \u017earneli\u0173 sujungimams \/ 200mm ilgio<\/p>","protected":false},"featured_media":243848,"comment_status":"open","ping_status":"open","template":"","meta":[],"product_cat":[9672],"product_tag":[9898],"class_list":{"0":"post-359675","1":"product","2":"type-product","3":"status-publish","4":"has-post-thumbnail","6":"product_brand-avtodelo","7":"product_cat-reples-zarnelems","8":"product_tag-avtodelo","10":"first","11":"outofstock","12":"purchasable","13":"product-type-simple"},"jetpack_sharing_enabled":true,"_links":{"self":[{"href":"https:\/\/irankiuzona.lt\/ru\/wp-json\/wp\/v2\/product\/359675","targetHints":{"allow":["GET"]}}],"collection":[{"href":"https:\/\/irankiuzona.lt\/ru\/wp-json\/wp\/v2\/product"}],"about":[{"href":"https:\/\/irankiuzona.lt\/ru\/wp-json\/wp\/v2\/types\/product"}],"replies":[{"embeddable":true,"href":"https:\/\/irankiuzona.lt\/ru\/wp-json\/wp\/v2\/comments?post=359675"}],"version-history":[{"count":0,"href":"https:\/\/irankiuzona.lt\/ru\/wp-json\/wp\/v2\/product\/359675\/revisions"}],"wp:featuredmedia":[{"embeddable":true,"href":"https:\/\/irankiuzona.lt\/ru\/wp-json\/wp\/v2\/media\/243848"}],"wp:attachment":[{"href":"https:\/\/irankiuzona.lt\/ru\/wp-json\/wp\/v2\/media?parent=359675"}],"wp:term":[{"taxonomy":"product_cat","embeddable":true,"href":"https:\/\/irankiuzona.lt\/ru\/wp-json\/wp\/v2\/product_cat?post=359675"},{"taxonomy":"product_tag","embeddable":true,"href":"https:\/\/irankiuzona.lt\/ru\/wp-json\/wp\/v2\/product_tag?post=359675"}],"curies":[{"name":"wp","href":"https:\/\/api.w.org\/{rel}","templated":true}]}}