{"id":359679,"date":"2024-10-05T03:32:11","date_gmt":"2024-10-05T03:32:11","guid":{"rendered":"https:\/\/irankiuzona.lt\/product\/hidraulinis-spyruokliu-suspaudejas-1000kg-2\/"},"modified":"2026-05-06T20:44:14","modified_gmt":"2026-05-06T20:44:14","slug":"hidraulinis-spyruokliu-suspaudejas-1000kg-2","status":"publish","type":"product","link":"https:\/\/irankiuzona.lt\/ru\/product\/hidraulinis-spyruokliu-suspaudejas-1000kg-2\/","title":{"rendered":"Hidraulinis spyruokli\u0173 suspaud\u0117jas 1000kg"},"content":{"rendered":"","protected":false},"excerpt":{"rendered":"<p>Hidraulinis spyruokli\u0173 suspaud\u0117jas, reguliuojamas\/ galia 1000kg<\/p>","protected":false},"featured_media":243880,"comment_status":"open","ping_status":"open","template":"","meta":[],"product_cat":[9723],"product_tag":[],"class_list":{"0":"post-359679","1":"product","2":"type-product","3":"status-publish","4":"has-post-thumbnail","6":"product_cat-spyruokliu-suspaudimo-irankiai","8":"first","9":"outofstock","10":"purchasable","11":"product-type-simple"},"jetpack_sharing_enabled":true,"_links":{"self":[{"href":"https:\/\/irankiuzona.lt\/ru\/wp-json\/wp\/v2\/product\/359679","targetHints":{"allow":["GET"]}}],"collection":[{"href":"https:\/\/irankiuzona.lt\/ru\/wp-json\/wp\/v2\/product"}],"about":[{"href":"https:\/\/irankiuzona.lt\/ru\/wp-json\/wp\/v2\/types\/product"}],"replies":[{"embeddable":true,"href":"https:\/\/irankiuzona.lt\/ru\/wp-json\/wp\/v2\/comments?post=359679"}],"version-history":[{"count":1,"href":"https:\/\/irankiuzona.lt\/ru\/wp-json\/wp\/v2\/product\/359679\/revisions"}],"predecessor-version":[{"id":415963,"href":"https:\/\/irankiuzona.lt\/ru\/wp-json\/wp\/v2\/product\/359679\/revisions\/415963"}],"wp:featuredmedia":[{"embeddable":true,"href":"https:\/\/irankiuzona.lt\/ru\/wp-json\/wp\/v2\/media\/243880"}],"wp:attachment":[{"href":"https:\/\/irankiuzona.lt\/ru\/wp-json\/wp\/v2\/media?parent=359679"}],"wp:term":[{"taxonomy":"product_cat","embeddable":true,"href":"https:\/\/irankiuzona.lt\/ru\/wp-json\/wp\/v2\/product_cat?post=359679"},{"taxonomy":"product_tag","embeddable":true,"href":"https:\/\/irankiuzona.lt\/ru\/wp-json\/wp\/v2\/product_tag?post=359679"}],"curies":[{"name":"wp","href":"https:\/\/api.w.org\/{rel}","templated":true}]}}