{"id":359845,"date":"2024-10-05T03:42:16","date_gmt":"2024-10-05T03:42:16","guid":{"rendered":"https:\/\/irankiuzona.lt\/product\/voztuvu-nuspaudejas-universalus-2\/"},"modified":"2026-04-15T17:39:35","modified_gmt":"2026-04-15T17:39:35","slug":"voztuvu-nuspaudejas-universalus-2","status":"publish","type":"product","link":"https:\/\/irankiuzona.lt\/ru\/product\/voztuvu-nuspaudejas-universalus-2\/","title":{"rendered":"Vo\u017etuv\u0173 nuspaud\u0117jas universalus"},"content":{"rendered":"<p>TECHNICAL DATAOverall length: 305mmRoll diameters: 16mm, 19mm, 23.5mm, 25.1mm, 30mmRoller height: 47.5mmLengths of threaded extensions: 115mm, 119mm, 69.5mm<\/p>","protected":false},"excerpt":{"rendered":"<p>Universalus vo\u017etuv\u0173 nuspaud\u0117jas<\/p>","protected":false},"featured_media":247516,"comment_status":"open","ping_status":"open","template":"","meta":[],"product_cat":[9538],"product_tag":[9435],"class_list":{"0":"post-359845","1":"product","2":"type-product","3":"status-publish","4":"has-post-thumbnail","6":"product_brand-kinija","7":"product_cat-irankiai-voztuvams","8":"product_tag-kinija","10":"first","11":"outofstock","12":"purchasable","13":"product-type-simple"},"jetpack_sharing_enabled":true,"_links":{"self":[{"href":"https:\/\/irankiuzona.lt\/ru\/wp-json\/wp\/v2\/product\/359845","targetHints":{"allow":["GET"]}}],"collection":[{"href":"https:\/\/irankiuzona.lt\/ru\/wp-json\/wp\/v2\/product"}],"about":[{"href":"https:\/\/irankiuzona.lt\/ru\/wp-json\/wp\/v2\/types\/product"}],"replies":[{"embeddable":true,"href":"https:\/\/irankiuzona.lt\/ru\/wp-json\/wp\/v2\/comments?post=359845"}],"version-history":[{"count":1,"href":"https:\/\/irankiuzona.lt\/ru\/wp-json\/wp\/v2\/product\/359845\/revisions"}],"predecessor-version":[{"id":417115,"href":"https:\/\/irankiuzona.lt\/ru\/wp-json\/wp\/v2\/product\/359845\/revisions\/417115"}],"wp:featuredmedia":[{"embeddable":true,"href":"https:\/\/irankiuzona.lt\/ru\/wp-json\/wp\/v2\/media\/247516"}],"wp:attachment":[{"href":"https:\/\/irankiuzona.lt\/ru\/wp-json\/wp\/v2\/media?parent=359845"}],"wp:term":[{"taxonomy":"product_cat","embeddable":true,"href":"https:\/\/irankiuzona.lt\/ru\/wp-json\/wp\/v2\/product_cat?post=359845"},{"taxonomy":"product_tag","embeddable":true,"href":"https:\/\/irankiuzona.lt\/ru\/wp-json\/wp\/v2\/product_tag?post=359845"}],"curies":[{"name":"wp","href":"https:\/\/api.w.org\/{rel}","templated":true}]}}