{"id":359899,"date":"2024-10-05T03:44:55","date_gmt":"2024-10-05T03:44:55","guid":{"rendered":"https:\/\/irankiuzona.lt\/product\/smugine-galvute-1-2-18mm-6-kampe-3\/"},"modified":"2026-04-15T20:49:54","modified_gmt":"2026-04-15T20:49:54","slug":"smugine-galvute-1-2-18mm-6-kampe-3","status":"publish","type":"product","link":"https:\/\/irankiuzona.lt\/ru\/product\/smugine-galvute-1-2-18mm-6-kampe-3\/","title":{"rendered":"Sm\u016bgin\u0117 galvut\u0117 1\/2 18mm 6-kamp\u0117"},"content":{"rendered":"","protected":false},"excerpt":{"rendered":"<p>Sm\u016bgin\u0117 galvut\u0117 1\/2 18mm 6-kamp\u0117<\/p>","protected":false},"featured_media":270871,"comment_status":"open","ping_status":"open","template":"","meta":[],"product_cat":[9841],"product_tag":[9462],"class_list":{"0":"post-359899","1":"product","2":"type-product","3":"status-publish","4":"has-post-thumbnail","6":"product_brand-condor-werkzeug-vokietija","7":"product_cat-1-2-125-mm-trumpos-smugines-sesiakampes-galvutes","8":"product_tag-condor-werkzeug-vokietija","10":"first","11":"instock","12":"purchasable","13":"product-type-simple"},"jetpack_sharing_enabled":true,"_links":{"self":[{"href":"https:\/\/irankiuzona.lt\/ru\/wp-json\/wp\/v2\/product\/359899","targetHints":{"allow":["GET"]}}],"collection":[{"href":"https:\/\/irankiuzona.lt\/ru\/wp-json\/wp\/v2\/product"}],"about":[{"href":"https:\/\/irankiuzona.lt\/ru\/wp-json\/wp\/v2\/types\/product"}],"replies":[{"embeddable":true,"href":"https:\/\/irankiuzona.lt\/ru\/wp-json\/wp\/v2\/comments?post=359899"}],"version-history":[{"count":1,"href":"https:\/\/irankiuzona.lt\/ru\/wp-json\/wp\/v2\/product\/359899\/revisions"}],"predecessor-version":[{"id":417425,"href":"https:\/\/irankiuzona.lt\/ru\/wp-json\/wp\/v2\/product\/359899\/revisions\/417425"}],"wp:featuredmedia":[{"embeddable":true,"href":"https:\/\/irankiuzona.lt\/ru\/wp-json\/wp\/v2\/media\/270871"}],"wp:attachment":[{"href":"https:\/\/irankiuzona.lt\/ru\/wp-json\/wp\/v2\/media?parent=359899"}],"wp:term":[{"taxonomy":"product_cat","embeddable":true,"href":"https:\/\/irankiuzona.lt\/ru\/wp-json\/wp\/v2\/product_cat?post=359899"},{"taxonomy":"product_tag","embeddable":true,"href":"https:\/\/irankiuzona.lt\/ru\/wp-json\/wp\/v2\/product_tag?post=359899"}],"curies":[{"name":"wp","href":"https:\/\/api.w.org\/{rel}","templated":true}]}}