{"id":359925,"date":"2024-10-05T03:45:20","date_gmt":"2024-10-05T03:45:20","guid":{"rendered":"https:\/\/irankiuzona.lt\/product\/medzio-grezimo-karunu-komplektas-19-64-mm-11-vnt\/"},"modified":"2026-04-05T20:42:27","modified_gmt":"2026-04-05T20:42:27","slug":"medzio-grezimo-karunu-komplektas-19-64-mm-11-vnt","status":"publish","type":"product","link":"https:\/\/irankiuzona.lt\/ru\/product\/medzio-grezimo-karunu-komplektas-19-64-mm-11-vnt\/","title":{"rendered":"Med\u017eio gr\u0119\u017eimo kar\u016bn\u0173 komplektas 19-64 mm 11 vnt"},"content":{"rendered":"","protected":false},"excerpt":{"rendered":"<p>Med\u017eio gr\u0119\u017eimo kar\u016bn\u0173 komplektas 19-64 mm 11 vnt<\/p>","protected":false},"featured_media":183902,"comment_status":"open","ping_status":"open","template":"","meta":[],"product_cat":[9647],"product_tag":[9435],"class_list":{"0":"post-359925","1":"product","2":"type-product","3":"status-publish","4":"has-post-thumbnail","6":"product_brand-kinija","7":"product_cat-grezimo-karunu-komplektai","8":"product_tag-kinija","10":"first","11":"instock","12":"purchasable","13":"product-type-simple"},"jetpack_sharing_enabled":true,"_links":{"self":[{"href":"https:\/\/irankiuzona.lt\/ru\/wp-json\/wp\/v2\/product\/359925","targetHints":{"allow":["GET"]}}],"collection":[{"href":"https:\/\/irankiuzona.lt\/ru\/wp-json\/wp\/v2\/product"}],"about":[{"href":"https:\/\/irankiuzona.lt\/ru\/wp-json\/wp\/v2\/types\/product"}],"replies":[{"embeddable":true,"href":"https:\/\/irankiuzona.lt\/ru\/wp-json\/wp\/v2\/comments?post=359925"}],"version-history":[{"count":0,"href":"https:\/\/irankiuzona.lt\/ru\/wp-json\/wp\/v2\/product\/359925\/revisions"}],"wp:featuredmedia":[{"embeddable":true,"href":"https:\/\/irankiuzona.lt\/ru\/wp-json\/wp\/v2\/media\/183902"}],"wp:attachment":[{"href":"https:\/\/irankiuzona.lt\/ru\/wp-json\/wp\/v2\/media?parent=359925"}],"wp:term":[{"taxonomy":"product_cat","embeddable":true,"href":"https:\/\/irankiuzona.lt\/ru\/wp-json\/wp\/v2\/product_cat?post=359925"},{"taxonomy":"product_tag","embeddable":true,"href":"https:\/\/irankiuzona.lt\/ru\/wp-json\/wp\/v2\/product_tag?post=359925"}],"curies":[{"name":"wp","href":"https:\/\/api.w.org\/{rel}","templated":true}]}}