{"id":359935,"date":"2024-10-05T03:45:40","date_gmt":"2024-10-05T03:45:40","guid":{"rendered":"https:\/\/irankiuzona.lt\/product\/anglies-dioksido-duju-co2-testeris-2\/"},"modified":"2026-04-15T09:28:24","modified_gmt":"2026-04-15T09:28:24","slug":"anglies-dioksido-duju-co2-testeris-2","status":"publish","type":"product","link":"https:\/\/irankiuzona.lt\/ru\/product\/anglies-dioksido-duju-co2-testeris-2\/","title":{"rendered":"Anglies dioksido duj\u0173 CO2 testeris"},"content":{"rendered":"<p>Diagnostinis prietaisas skirtas rasti nesandarumus au\u0161inimo sistemojeReagentas kei\u010dia spalv\u0105, reaguodamas \u012f au\u0161inimo skys\u010dio bakelyje susikaupusias CO2 dujas (esant au\u0161inimo sistemos nesandarumui):<br \/>\nM\u0117lyna spalva->Nerasta CO2 nuot\u0117kio\u017dalia spalva->CO2 nuot\u0117kisGeltona spalva->Didelis CO2 nuot\u0117kis<\/p>","protected":false},"excerpt":{"rendered":"<p>Anglies dioksido duj\u0173 CO2 testeris<\/p>","protected":false},"featured_media":270893,"comment_status":"open","ping_status":"open","template":"","meta":[],"product_cat":[9752],"product_tag":[9435],"class_list":{"0":"post-359935","1":"product","2":"type-product","3":"status-publish","4":"has-post-thumbnail","6":"product_brand-kinija","7":"product_cat-anglies-dioksido-co2-testeriai","8":"product_tag-kinija","10":"first","11":"outofstock","12":"purchasable","13":"product-type-simple"},"jetpack_sharing_enabled":true,"_links":{"self":[{"href":"https:\/\/irankiuzona.lt\/ru\/wp-json\/wp\/v2\/product\/359935","targetHints":{"allow":["GET"]}}],"collection":[{"href":"https:\/\/irankiuzona.lt\/ru\/wp-json\/wp\/v2\/product"}],"about":[{"href":"https:\/\/irankiuzona.lt\/ru\/wp-json\/wp\/v2\/types\/product"}],"replies":[{"embeddable":true,"href":"https:\/\/irankiuzona.lt\/ru\/wp-json\/wp\/v2\/comments?post=359935"}],"version-history":[{"count":1,"href":"https:\/\/irankiuzona.lt\/ru\/wp-json\/wp\/v2\/product\/359935\/revisions"}],"predecessor-version":[{"id":417506,"href":"https:\/\/irankiuzona.lt\/ru\/wp-json\/wp\/v2\/product\/359935\/revisions\/417506"}],"wp:featuredmedia":[{"embeddable":true,"href":"https:\/\/irankiuzona.lt\/ru\/wp-json\/wp\/v2\/media\/270893"}],"wp:attachment":[{"href":"https:\/\/irankiuzona.lt\/ru\/wp-json\/wp\/v2\/media?parent=359935"}],"wp:term":[{"taxonomy":"product_cat","embeddable":true,"href":"https:\/\/irankiuzona.lt\/ru\/wp-json\/wp\/v2\/product_cat?post=359935"},{"taxonomy":"product_tag","embeddable":true,"href":"https:\/\/irankiuzona.lt\/ru\/wp-json\/wp\/v2\/product_tag?post=359935"}],"curies":[{"name":"wp","href":"https:\/\/api.w.org\/{rel}","templated":true}]}}