{"id":359945,"date":"2024-10-05T03:45:59","date_gmt":"2024-10-05T03:45:59","guid":{"rendered":"https:\/\/irankiuzona.lt\/product\/graztas-suvirinimo-taskams-8mm-hss-cobalt-trumpas-2\/"},"modified":"2026-04-17T08:23:34","modified_gmt":"2026-04-17T08:23:34","slug":"graztas-suvirinimo-taskams-8mm-hss-cobalt-trumpas-2","status":"publish","type":"product","link":"https:\/\/irankiuzona.lt\/ru\/product\/graztas-suvirinimo-taskams-8mm-hss-cobalt-trumpas-2\/","title":{"rendered":"Gr\u0105\u017etas suvirinimo ta\u0161kams 8mm HSS-Cobalt trumpas"},"content":{"rendered":"<p>For seperating spot welded sheet metalRequires specialist machinesDiameter 8mmLength 44mmMaterial HSS Co5<\/p>","protected":false},"excerpt":{"rendered":"<p>Gr\u0105\u017etas suvirinimo ta\u0161kams 8mm HSS-Cobalt trumpas<\/p>","protected":false},"featured_media":184052,"comment_status":"open","ping_status":"open","template":"","meta":[],"product_cat":[9602],"product_tag":[9462],"class_list":{"0":"post-359945","1":"product","2":"type-product","3":"status-publish","4":"has-post-thumbnail","6":"product_brand-condor-werkzeug-vokietija","7":"product_cat-graztai-suvirinimo-taskams","8":"product_tag-condor-werkzeug-vokietija","10":"first","11":"instock","12":"purchasable","13":"product-type-simple"},"jetpack_sharing_enabled":true,"_links":{"self":[{"href":"https:\/\/irankiuzona.lt\/ru\/wp-json\/wp\/v2\/product\/359945","targetHints":{"allow":["GET"]}}],"collection":[{"href":"https:\/\/irankiuzona.lt\/ru\/wp-json\/wp\/v2\/product"}],"about":[{"href":"https:\/\/irankiuzona.lt\/ru\/wp-json\/wp\/v2\/types\/product"}],"replies":[{"embeddable":true,"href":"https:\/\/irankiuzona.lt\/ru\/wp-json\/wp\/v2\/comments?post=359945"}],"version-history":[{"count":1,"href":"https:\/\/irankiuzona.lt\/ru\/wp-json\/wp\/v2\/product\/359945\/revisions"}],"predecessor-version":[{"id":417537,"href":"https:\/\/irankiuzona.lt\/ru\/wp-json\/wp\/v2\/product\/359945\/revisions\/417537"}],"wp:featuredmedia":[{"embeddable":true,"href":"https:\/\/irankiuzona.lt\/ru\/wp-json\/wp\/v2\/media\/184052"}],"wp:attachment":[{"href":"https:\/\/irankiuzona.lt\/ru\/wp-json\/wp\/v2\/media?parent=359945"}],"wp:term":[{"taxonomy":"product_cat","embeddable":true,"href":"https:\/\/irankiuzona.lt\/ru\/wp-json\/wp\/v2\/product_cat?post=359945"},{"taxonomy":"product_tag","embeddable":true,"href":"https:\/\/irankiuzona.lt\/ru\/wp-json\/wp\/v2\/product_tag?post=359945"}],"curies":[{"name":"wp","href":"https:\/\/api.w.org\/{rel}","templated":true}]}}