{"id":359991,"date":"2024-10-05T03:48:11","date_gmt":"2024-10-05T03:48:11","guid":{"rendered":"https:\/\/irankiuzona.lt\/product\/suvirinimo-skydelis-su-automatiskai-tamsejanciu-filtru-6\/"},"modified":"2025-04-29T18:20:25","modified_gmt":"2025-04-29T18:20:25","slug":"suvirinimo-skydelis-su-automatiskai-tamsejanciu-filtru-6","status":"publish","type":"product","link":"https:\/\/irankiuzona.lt\/ru\/product\/suvirinimo-skydelis-su-automatiskai-tamsejanciu-filtru-6\/","title":{"rendered":"Suvirinimo skydelis su automati\u0161kai tams\u0117jan\u010diu filtru"},"content":{"rendered":"<p>Suvirinimo skydelis, su automati\u0161kai tamsiejan\u010diu filtru, yra naudojamas aki\u0173 ir veido apsaugai nuo plaukiojan\u010di\u0173 daleli\u0173, kibirks\u010di\u0173 UV\/IR atsirandan\u010di\u0173 atliekant suvirinim\u0105.<\/p>\n<p>Klas\u0117 1\/2\/1\/2<br \/>\nMatymo laukas 92x42mm<br \/>\nI\u0161orinis reguliavimas DIN9 \u00f7 DIN13<br \/>\nReakcijos laikas nuo \u0161viesos iki tamsos 1\/25.000 sek.<br \/>\nReakcijos laikas nuo tamsos iki \u0161viesos 0.1-1.0 sek.<br \/>\nJautrumo reguliavimas:i\u0161orinis, tolygus<br \/>\nMaitinimas: saul\u0117s baterijos<br \/>\nApsauga UV\/IR: DIN16<br \/>\n\u012ejungimas\/i\u0161jungimas: automatinis<br \/>\nTIG suvirinimas &#8211; minimalus srov\u0117s stiprumas [A] >10 (DC), >10 (AC)<br \/>\nDarbo temperatura\u00a0-5\u00b0C \u00f7 +55\u00b0C<br \/>\nSaugojimo temperat\u016bra\u00a0-15\u00b0C \u00f7 +50\u00b0C<br \/>\nSvoris 490g<\/p>\n","protected":false},"excerpt":{"rendered":"<p>Suvirintojo skydelis elektroninis, su automati\u0161kai tams\u0117jan\u010diu filtru<\/p>","protected":false},"featured_media":184580,"comment_status":"open","ping_status":"open","template":"","meta":[],"product_cat":[9893],"product_tag":[],"class_list":{"0":"post-359991","1":"product","2":"type-product","3":"status-publish","4":"has-post-thumbnail","6":"product_cat-suvirinimo-iranga","8":"first","9":"outofstock","10":"purchasable","11":"product-type-simple"},"jetpack_sharing_enabled":true,"_links":{"self":[{"href":"https:\/\/irankiuzona.lt\/ru\/wp-json\/wp\/v2\/product\/359991","targetHints":{"allow":["GET"]}}],"collection":[{"href":"https:\/\/irankiuzona.lt\/ru\/wp-json\/wp\/v2\/product"}],"about":[{"href":"https:\/\/irankiuzona.lt\/ru\/wp-json\/wp\/v2\/types\/product"}],"replies":[{"embeddable":true,"href":"https:\/\/irankiuzona.lt\/ru\/wp-json\/wp\/v2\/comments?post=359991"}],"version-history":[{"count":0,"href":"https:\/\/irankiuzona.lt\/ru\/wp-json\/wp\/v2\/product\/359991\/revisions"}],"wp:featuredmedia":[{"embeddable":true,"href":"https:\/\/irankiuzona.lt\/ru\/wp-json\/wp\/v2\/media\/184580"}],"wp:attachment":[{"href":"https:\/\/irankiuzona.lt\/ru\/wp-json\/wp\/v2\/media?parent=359991"}],"wp:term":[{"taxonomy":"product_cat","embeddable":true,"href":"https:\/\/irankiuzona.lt\/ru\/wp-json\/wp\/v2\/product_cat?post=359991"},{"taxonomy":"product_tag","embeddable":true,"href":"https:\/\/irankiuzona.lt\/ru\/wp-json\/wp\/v2\/product_tag?post=359991"}],"curies":[{"name":"wp","href":"https:\/\/api.w.org\/{rel}","templated":true}]}}