{"id":360419,"date":"2024-10-05T04:03:52","date_gmt":"2024-10-05T04:03:52","guid":{"rendered":"https:\/\/irankiuzona.lt\/product\/darbo-svarkas-pilkas-dydis-m-2\/"},"modified":"2026-04-18T00:14:55","modified_gmt":"2026-04-18T00:14:55","slug":"darbo-svarkas-pilkas-dydis-m-2","status":"publish","type":"product","link":"https:\/\/irankiuzona.lt\/ru\/product\/darbo-svarkas-pilkas-dydis-m-2\/","title":{"rendered":"Darbo \u0161varkas, pilkas, dydis M"},"content":{"rendered":"<p>Darbinis \u0161varkas pagamintas i\u0161 tvirtos medviln\u0117s, turi auk\u0161t\u0105 apykakl\u0119, u\u017esegamas u\u017etrauktuku, kuris yra pasl\u0117ptas po atvartu. Pe\u010di\u0173 juosta pastiprinta dilimui atspariu Oxford 600D audiniu. Juosmuo ir rankovi\u0173 rankogaliai reguliuojami Velcro u\u017esegimais. \u0160varkas labai patogus, nes audinio sud\u0117tyje yra 3 % elastano, kuris suteikia \u0161varkui elastingumo.<br \/>\n\u00b7 Audinio sud\u0117tis: 97 % medviln\u0117, 3 % elastanas.\u00b7 Audinio tankis: 270 g\/m\u00b2, sutvirtinimai \u201eOxford 600D\u201c.\u00b7 5 ki\u0161en\u0117s: 2 kr\u016btin\u0117s ki\u0161en\u0117s su \u201eVelcro\u201c atvartais; 1 nedidel\u0117 ki\u0161en\u0117 esanti ant kair\u0117s rankov\u0117s;, &#8211; 2 apatin\u0117s ki\u0161en\u0117s su sutvirtinimais.\u00b7 Spalva: pilka su juodais intarpais.<\/p>","protected":false},"excerpt":{"rendered":"<p>Darbo \u0161varkas, pilkas, dydis M<\/p>","protected":false},"featured_media":253600,"comment_status":"open","ping_status":"open","template":"","meta":[],"product_cat":[10007],"product_tag":[9969],"class_list":{"0":"post-360419","1":"product","2":"type-product","3":"status-publish","4":"has-post-thumbnail","6":"product_brand-hogert-technik-vokietija","7":"product_cat-darbiniai-svarkai","8":"product_tag-hogert-technik-vokietija","10":"first","11":"outofstock","12":"purchasable","13":"product-type-simple"},"jetpack_sharing_enabled":true,"_links":{"self":[{"href":"https:\/\/irankiuzona.lt\/ru\/wp-json\/wp\/v2\/product\/360419","targetHints":{"allow":["GET"]}}],"collection":[{"href":"https:\/\/irankiuzona.lt\/ru\/wp-json\/wp\/v2\/product"}],"about":[{"href":"https:\/\/irankiuzona.lt\/ru\/wp-json\/wp\/v2\/types\/product"}],"replies":[{"embeddable":true,"href":"https:\/\/irankiuzona.lt\/ru\/wp-json\/wp\/v2\/comments?post=360419"}],"version-history":[{"count":1,"href":"https:\/\/irankiuzona.lt\/ru\/wp-json\/wp\/v2\/product\/360419\/revisions"}],"predecessor-version":[{"id":419755,"href":"https:\/\/irankiuzona.lt\/ru\/wp-json\/wp\/v2\/product\/360419\/revisions\/419755"}],"wp:featuredmedia":[{"embeddable":true,"href":"https:\/\/irankiuzona.lt\/ru\/wp-json\/wp\/v2\/media\/253600"}],"wp:attachment":[{"href":"https:\/\/irankiuzona.lt\/ru\/wp-json\/wp\/v2\/media?parent=360419"}],"wp:term":[{"taxonomy":"product_cat","embeddable":true,"href":"https:\/\/irankiuzona.lt\/ru\/wp-json\/wp\/v2\/product_cat?post=360419"},{"taxonomy":"product_tag","embeddable":true,"href":"https:\/\/irankiuzona.lt\/ru\/wp-json\/wp\/v2\/product_tag?post=360419"}],"curies":[{"name":"wp","href":"https:\/\/api.w.org\/{rel}","templated":true}]}}