{"id":360441,"date":"2024-10-05T04:04:26","date_gmt":"2024-10-05T04:04:26","guid":{"rendered":"https:\/\/irankiuzona.lt\/product\/pneumatine-slifavimo-masinele-apvaliu-padu-150-mm\/"},"modified":"2026-04-17T22:31:06","modified_gmt":"2026-04-17T22:31:06","slug":"pneumatine-slifavimo-masinele-apvaliu-padu-150-mm","status":"publish","type":"product","link":"https:\/\/irankiuzona.lt\/ru\/product\/pneumatine-slifavimo-masinele-apvaliu-padu-150-mm\/","title":{"rendered":"Pneumatin\u0117 \u0161lifavimo ma\u0161in\u0117l\u0117, apvaliu padu 150 mm"},"content":{"rendered":"<p>TECHNINIAI DUOMENYS:<br \/>\ndisko skersmuo &#8211; 150 mmsvyravimo taktas &#8211; 2,5 mmoro s\u0105naudos &#8211; 340 l \/ mdarbinis sl\u0117gis &#8211; 3-5 baraidid\u017eiausias sukimosi greitis &#8211; 10 000 aps.\/minsvoris -1,2 kg<\/p>","protected":false},"excerpt":{"rendered":"<p>Pneumatin\u0117 \u0161lifavimo ma\u0161in\u0117l\u0117 150 mm<\/p>","protected":false},"featured_media":253842,"comment_status":"open","ping_status":"closed","template":"","meta":[],"product_cat":[9676],"product_tag":[10087],"class_list":{"0":"post-360441","1":"product","2":"type-product","3":"status-publish","4":"has-post-thumbnail","6":"product_brand-verke","7":"product_cat-pneumatiniai-slifuokliai-ju-priedai","8":"product_tag-verke","10":"first","11":"instock","12":"purchasable","13":"product-type-simple"},"jetpack_sharing_enabled":true,"_links":{"self":[{"href":"https:\/\/irankiuzona.lt\/ru\/wp-json\/wp\/v2\/product\/360441","targetHints":{"allow":["GET"]}}],"collection":[{"href":"https:\/\/irankiuzona.lt\/ru\/wp-json\/wp\/v2\/product"}],"about":[{"href":"https:\/\/irankiuzona.lt\/ru\/wp-json\/wp\/v2\/types\/product"}],"replies":[{"embeddable":true,"href":"https:\/\/irankiuzona.lt\/ru\/wp-json\/wp\/v2\/comments?post=360441"}],"version-history":[{"count":1,"href":"https:\/\/irankiuzona.lt\/ru\/wp-json\/wp\/v2\/product\/360441\/revisions"}],"predecessor-version":[{"id":419833,"href":"https:\/\/irankiuzona.lt\/ru\/wp-json\/wp\/v2\/product\/360441\/revisions\/419833"}],"wp:featuredmedia":[{"embeddable":true,"href":"https:\/\/irankiuzona.lt\/ru\/wp-json\/wp\/v2\/media\/253842"}],"wp:attachment":[{"href":"https:\/\/irankiuzona.lt\/ru\/wp-json\/wp\/v2\/media?parent=360441"}],"wp:term":[{"taxonomy":"product_cat","embeddable":true,"href":"https:\/\/irankiuzona.lt\/ru\/wp-json\/wp\/v2\/product_cat?post=360441"},{"taxonomy":"product_tag","embeddable":true,"href":"https:\/\/irankiuzona.lt\/ru\/wp-json\/wp\/v2\/product_tag?post=360441"}],"curies":[{"name":"wp","href":"https:\/\/api.w.org\/{rel}","templated":true}]}}