{"id":360443,"date":"2024-10-05T04:04:28","date_gmt":"2024-10-05T04:04:28","guid":{"rendered":"https:\/\/irankiuzona.lt\/product\/suvirinimo-skydelis-su-automatiskai-tamsejanciu-filtru-7\/"},"modified":"2026-04-17T21:43:12","modified_gmt":"2026-04-17T21:43:12","slug":"suvirinimo-skydelis-su-automatiskai-tamsejanciu-filtru-7","status":"publish","type":"product","link":"https:\/\/irankiuzona.lt\/ru\/product\/suvirinimo-skydelis-su-automatiskai-tamsejanciu-filtru-7\/","title":{"rendered":"SUVIRINIMO SKYDELIS SU AUTOMATI\u0160KAI TAMS\u0116JAN\u010cIU FILTRU"},"content":{"rendered":"<p>\u0160almas pagamintas i\u0161 labai atsparios polimerin\u0117s med\u017eiagos.\u0160almo kampo reguliavimasOptin\u0117 klas\u0117: 1\/3\/3\/3\u0160viesos b\u016bkl\u0117: 4,5 DIN.Reguliuojamas atspalvio atspalvis 8,5-12,5 DIN.Reguliuojamas 0,1\u20130,8 s v\u0117lavimas.Apsauga nuo UV \/ IR: 16 DINFiltro matmenys: 110mm x 90mm x 9mmMatymo laukas: 90 mm x 34 mmAtsakymo laikas: ne daugiau kaip 0,0005 s.Svoris: apie 500 g.Darbin\u0117 temperat\u016bra: -20 +65 laipsniai \u0161ilumosTuri CE saugos \u017eenkl\u0105<\/p>","protected":false},"excerpt":{"rendered":"<p>SUVIRINIMO SKYDELIS SU AUTOMATI\u0160KAI TAMS\u0116JAN\u010cIU FILTRU<\/p>","protected":false},"featured_media":253856,"comment_status":"open","ping_status":"open","template":"","meta":[],"product_cat":[9893],"product_tag":[10087],"class_list":{"0":"post-360443","1":"product","2":"type-product","3":"status-publish","4":"has-post-thumbnail","6":"product_brand-verke","7":"product_cat-suvirinimo-iranga","8":"product_tag-verke","10":"first","11":"outofstock","12":"purchasable","13":"product-type-simple"},"jetpack_sharing_enabled":true,"_links":{"self":[{"href":"https:\/\/irankiuzona.lt\/ru\/wp-json\/wp\/v2\/product\/360443","targetHints":{"allow":["GET"]}}],"collection":[{"href":"https:\/\/irankiuzona.lt\/ru\/wp-json\/wp\/v2\/product"}],"about":[{"href":"https:\/\/irankiuzona.lt\/ru\/wp-json\/wp\/v2\/types\/product"}],"replies":[{"embeddable":true,"href":"https:\/\/irankiuzona.lt\/ru\/wp-json\/wp\/v2\/comments?post=360443"}],"version-history":[{"count":1,"href":"https:\/\/irankiuzona.lt\/ru\/wp-json\/wp\/v2\/product\/360443\/revisions"}],"predecessor-version":[{"id":419838,"href":"https:\/\/irankiuzona.lt\/ru\/wp-json\/wp\/v2\/product\/360443\/revisions\/419838"}],"wp:featuredmedia":[{"embeddable":true,"href":"https:\/\/irankiuzona.lt\/ru\/wp-json\/wp\/v2\/media\/253856"}],"wp:attachment":[{"href":"https:\/\/irankiuzona.lt\/ru\/wp-json\/wp\/v2\/media?parent=360443"}],"wp:term":[{"taxonomy":"product_cat","embeddable":true,"href":"https:\/\/irankiuzona.lt\/ru\/wp-json\/wp\/v2\/product_cat?post=360443"},{"taxonomy":"product_tag","embeddable":true,"href":"https:\/\/irankiuzona.lt\/ru\/wp-json\/wp\/v2\/product_tag?post=360443"}],"curies":[{"name":"wp","href":"https:\/\/api.w.org\/{rel}","templated":true}]}}