{"id":360465,"date":"2024-10-05T04:05:02","date_gmt":"2024-10-05T04:05:02","guid":{"rendered":"https:\/\/irankiuzona.lt\/product\/tinkavimo-pneumatinis-irankis-4-iu-antgaliu-2\/"},"modified":"2026-04-17T20:03:40","modified_gmt":"2026-04-17T20:03:40","slug":"tinkavimo-pneumatinis-irankis-4-iu-antgaliu-2","status":"publish","type":"product","link":"https:\/\/irankiuzona.lt\/ru\/product\/tinkavimo-pneumatinis-irankis-4-iu-antgaliu-2\/","title":{"rendered":"Tinkavimo pneumatinis \u012frankis 4-i\u0173 antgali\u0173"},"content":{"rendered":"<p>Air connection: quick couplingWorking pressure: 8 -9 Bar,Working distance: From 10 cm to 15 cmTank capacity: 4 LYield: from 30 to 50 m2 \/ per hourDimensions: length 72.5 cm, width 21 cm, height 21 cm<\/p>","protected":false},"excerpt":{"rendered":"<p>Tinkavimo pneumatinis \u012frankis 4-i\u0173 antgali\u0173<\/p>","protected":false},"featured_media":254119,"comment_status":"open","ping_status":"open","template":"","meta":[],"product_cat":[9889],"product_tag":[],"class_list":{"0":"post-360465","1":"product","2":"type-product","3":"status-publish","4":"has-post-thumbnail","6":"product_cat-pistoletai-graviteksui","8":"first","9":"outofstock","10":"purchasable","11":"product-type-simple"},"jetpack_sharing_enabled":true,"_links":{"self":[{"href":"https:\/\/irankiuzona.lt\/ru\/wp-json\/wp\/v2\/product\/360465","targetHints":{"allow":["GET"]}}],"collection":[{"href":"https:\/\/irankiuzona.lt\/ru\/wp-json\/wp\/v2\/product"}],"about":[{"href":"https:\/\/irankiuzona.lt\/ru\/wp-json\/wp\/v2\/types\/product"}],"replies":[{"embeddable":true,"href":"https:\/\/irankiuzona.lt\/ru\/wp-json\/wp\/v2\/comments?post=360465"}],"version-history":[{"count":1,"href":"https:\/\/irankiuzona.lt\/ru\/wp-json\/wp\/v2\/product\/360465\/revisions"}],"predecessor-version":[{"id":419919,"href":"https:\/\/irankiuzona.lt\/ru\/wp-json\/wp\/v2\/product\/360465\/revisions\/419919"}],"wp:featuredmedia":[{"embeddable":true,"href":"https:\/\/irankiuzona.lt\/ru\/wp-json\/wp\/v2\/media\/254119"}],"wp:attachment":[{"href":"https:\/\/irankiuzona.lt\/ru\/wp-json\/wp\/v2\/media?parent=360465"}],"wp:term":[{"taxonomy":"product_cat","embeddable":true,"href":"https:\/\/irankiuzona.lt\/ru\/wp-json\/wp\/v2\/product_cat?post=360465"},{"taxonomy":"product_tag","embeddable":true,"href":"https:\/\/irankiuzona.lt\/ru\/wp-json\/wp\/v2\/product_tag?post=360465"}],"curies":[{"name":"wp","href":"https:\/\/api.w.org\/{rel}","templated":true}]}}