{"id":360537,"date":"2024-10-05T04:07:45","date_gmt":"2024-10-05T04:07:45","guid":{"rendered":"https:\/\/irankiuzona.lt\/product\/hidraulinis-spyruokliu-suspaudejas-1000kg-6\/"},"modified":"2026-04-21T20:42:07","modified_gmt":"2026-04-21T20:42:07","slug":"hidraulinis-spyruokliu-suspaudejas-1000kg-6","status":"publish","type":"product","link":"https:\/\/irankiuzona.lt\/ru\/product\/hidraulinis-spyruokliu-suspaudejas-1000kg-6\/","title":{"rendered":"Hidraulinis spyruokli\u0173 suspaud\u0117jas 1000kg"},"content":{"rendered":"<p>Suspaudimo j\u0117ga 2200 Lbs, 1000 kgSuspaudimo ilgis 210 &#8211; 570 mmCilindro eiga 325 mmSpyruokl\u0117s \u00d8 101.6 &#8211; 139.7 mmSvoris 34 kgPakuot\u0117s matmenys 1230 x 290 x 190 mm<\/p>","protected":false},"excerpt":{"rendered":"<p>Hidraulinis spyruokli\u0173 suspaud\u0117jas 1000kg<\/p>","protected":false},"featured_media":255243,"comment_status":"open","ping_status":"open","template":"","meta":[],"product_cat":[9723],"product_tag":[],"class_list":{"0":"post-360537","1":"product","2":"type-product","3":"status-publish","4":"has-post-thumbnail","6":"product_cat-spyruokliu-suspaudimo-irankiai","8":"first","9":"outofstock","10":"purchasable","11":"product-type-simple"},"jetpack_sharing_enabled":true,"_links":{"self":[{"href":"https:\/\/irankiuzona.lt\/ru\/wp-json\/wp\/v2\/product\/360537","targetHints":{"allow":["GET"]}}],"collection":[{"href":"https:\/\/irankiuzona.lt\/ru\/wp-json\/wp\/v2\/product"}],"about":[{"href":"https:\/\/irankiuzona.lt\/ru\/wp-json\/wp\/v2\/types\/product"}],"replies":[{"embeddable":true,"href":"https:\/\/irankiuzona.lt\/ru\/wp-json\/wp\/v2\/comments?post=360537"}],"version-history":[{"count":1,"href":"https:\/\/irankiuzona.lt\/ru\/wp-json\/wp\/v2\/product\/360537\/revisions"}],"predecessor-version":[{"id":420275,"href":"https:\/\/irankiuzona.lt\/ru\/wp-json\/wp\/v2\/product\/360537\/revisions\/420275"}],"wp:featuredmedia":[{"embeddable":true,"href":"https:\/\/irankiuzona.lt\/ru\/wp-json\/wp\/v2\/media\/255243"}],"wp:attachment":[{"href":"https:\/\/irankiuzona.lt\/ru\/wp-json\/wp\/v2\/media?parent=360537"}],"wp:term":[{"taxonomy":"product_cat","embeddable":true,"href":"https:\/\/irankiuzona.lt\/ru\/wp-json\/wp\/v2\/product_cat?post=360537"},{"taxonomy":"product_tag","embeddable":true,"href":"https:\/\/irankiuzona.lt\/ru\/wp-json\/wp\/v2\/product_tag?post=360537"}],"curies":[{"name":"wp","href":"https:\/\/api.w.org\/{rel}","templated":true}]}}