{"id":360881,"date":"2024-10-05T04:18:58","date_gmt":"2024-10-05T04:18:58","guid":{"rendered":"https:\/\/irankiuzona.lt\/product\/stabdziu-sistemos-nuorinimo-irankis-3\/"},"modified":"2026-04-14T20:40:13","modified_gmt":"2026-04-14T20:40:13","slug":"stabdziu-sistemos-nuorinimo-irankis-3","status":"publish","type":"product","link":"https:\/\/irankiuzona.lt\/ru\/product\/stabdziu-sistemos-nuorinimo-irankis-3\/","title":{"rendered":"Stabd\u017ei\u0173 sistemos nuorinimo \u012frankis"},"content":{"rendered":"<p>Talpa: 1l<br \/>\nTemp. Darbo temperat\u016bra: -20\u00b0 + 50\u00b0C<br \/>\nKabelio ilgis: 1m<br \/>\nOro \u012fleidimo anga: 1\/4 \u2033<br \/>\nSl\u0117gis: 5\u20138 barai (75\u2013120 psi)<\/p>","protected":false},"excerpt":{"rendered":"<p>Stabd\u017ei\u0173 sistemos nuorinimo \u012frankis<\/p>","protected":false},"featured_media":259980,"comment_status":"open","ping_status":"open","template":"","meta":[],"product_cat":[9534],"product_tag":[10130],"class_list":{"0":"post-360881","1":"product","2":"type-product","3":"status-publish","4":"has-post-thumbnail","6":"product_brand-satra-lenkija","7":"product_cat-stabdziu-remonto-nuorinimo-irankiai","8":"product_tag-satra-lenkija","10":"first","11":"instock","12":"purchasable","13":"product-type-simple"},"jetpack_sharing_enabled":true,"_links":{"self":[{"href":"https:\/\/irankiuzona.lt\/ru\/wp-json\/wp\/v2\/product\/360881","targetHints":{"allow":["GET"]}}],"collection":[{"href":"https:\/\/irankiuzona.lt\/ru\/wp-json\/wp\/v2\/product"}],"about":[{"href":"https:\/\/irankiuzona.lt\/ru\/wp-json\/wp\/v2\/types\/product"}],"replies":[{"embeddable":true,"href":"https:\/\/irankiuzona.lt\/ru\/wp-json\/wp\/v2\/comments?post=360881"}],"version-history":[{"count":1,"href":"https:\/\/irankiuzona.lt\/ru\/wp-json\/wp\/v2\/product\/360881\/revisions"}],"predecessor-version":[{"id":421792,"href":"https:\/\/irankiuzona.lt\/ru\/wp-json\/wp\/v2\/product\/360881\/revisions\/421792"}],"wp:featuredmedia":[{"embeddable":true,"href":"https:\/\/irankiuzona.lt\/ru\/wp-json\/wp\/v2\/media\/259980"}],"wp:attachment":[{"href":"https:\/\/irankiuzona.lt\/ru\/wp-json\/wp\/v2\/media?parent=360881"}],"wp:term":[{"taxonomy":"product_cat","embeddable":true,"href":"https:\/\/irankiuzona.lt\/ru\/wp-json\/wp\/v2\/product_cat?post=360881"},{"taxonomy":"product_tag","embeddable":true,"href":"https:\/\/irankiuzona.lt\/ru\/wp-json\/wp\/v2\/product_tag?post=360881"}],"curies":[{"name":"wp","href":"https:\/\/api.w.org\/{rel}","templated":true}]}}