{"id":360893,"date":"2024-10-05T04:19:10","date_gmt":"2024-10-05T04:19:10","guid":{"rendered":"https:\/\/irankiuzona.lt\/product\/voztuvu-nuspaudejas-universalus-5\/"},"modified":"2026-04-16T10:56:44","modified_gmt":"2026-04-16T10:56:44","slug":"voztuvu-nuspaudejas-universalus-5","status":"publish","type":"product","link":"https:\/\/irankiuzona.lt\/ru\/product\/voztuvu-nuspaudejas-universalus-5\/","title":{"rendered":"Vo\u017etuv\u0173 nuspaud\u0117jas universalus"},"content":{"rendered":"<p>Svirtis su trimis antgaliais vo\u017etuv\u0173 spyruokl\u0117ms nuimti 8V, 16V ir 24V varikliuose.<\/p>","protected":false},"excerpt":{"rendered":"<p>Vo\u017etuv\u0173 nuspaud\u0117jas universalus<\/p>","protected":false},"featured_media":260058,"comment_status":"open","ping_status":"closed","template":"","meta":[],"product_cat":[9538],"product_tag":[10131],"class_list":{"0":"post-360893","1":"product","2":"type-product","3":"status-publish","4":"has-post-thumbnail","6":"product_brand-asta-lenkija","7":"product_cat-irankiai-voztuvams","8":"product_tag-asta-lenkija","10":"first","11":"outofstock","12":"purchasable","13":"product-type-simple"},"jetpack_sharing_enabled":true,"_links":{"self":[{"href":"https:\/\/irankiuzona.lt\/ru\/wp-json\/wp\/v2\/product\/360893","targetHints":{"allow":["GET"]}}],"collection":[{"href":"https:\/\/irankiuzona.lt\/ru\/wp-json\/wp\/v2\/product"}],"about":[{"href":"https:\/\/irankiuzona.lt\/ru\/wp-json\/wp\/v2\/types\/product"}],"replies":[{"embeddable":true,"href":"https:\/\/irankiuzona.lt\/ru\/wp-json\/wp\/v2\/comments?post=360893"}],"version-history":[{"count":1,"href":"https:\/\/irankiuzona.lt\/ru\/wp-json\/wp\/v2\/product\/360893\/revisions"}],"predecessor-version":[{"id":421818,"href":"https:\/\/irankiuzona.lt\/ru\/wp-json\/wp\/v2\/product\/360893\/revisions\/421818"}],"wp:featuredmedia":[{"embeddable":true,"href":"https:\/\/irankiuzona.lt\/ru\/wp-json\/wp\/v2\/media\/260058"}],"wp:attachment":[{"href":"https:\/\/irankiuzona.lt\/ru\/wp-json\/wp\/v2\/media?parent=360893"}],"wp:term":[{"taxonomy":"product_cat","embeddable":true,"href":"https:\/\/irankiuzona.lt\/ru\/wp-json\/wp\/v2\/product_cat?post=360893"},{"taxonomy":"product_tag","embeddable":true,"href":"https:\/\/irankiuzona.lt\/ru\/wp-json\/wp\/v2\/product_tag?post=360893"}],"curies":[{"name":"wp","href":"https:\/\/api.w.org\/{rel}","templated":true}]}}