{"id":360897,"date":"2024-10-05T04:19:15","date_gmt":"2024-10-05T04:19:15","guid":{"rendered":"https:\/\/irankiuzona.lt\/product\/irankiai-luzusiu-pakaitinimo-zvakiu-issukimui-m8x1-ir-m10x1-6\/"},"modified":"2026-04-12T15:28:47","modified_gmt":"2026-04-12T15:28:47","slug":"irankiai-luzusiu-pakaitinimo-zvakiu-issukimui-m8x1-ir-m10x1-6","status":"publish","type":"product","link":"https:\/\/irankiuzona.lt\/ru\/product\/irankiai-luzusiu-pakaitinimo-zvakiu-issukimui-m8x1-ir-m10x1-6\/","title":{"rendered":"\u012erankiai l\u016b\u017eusi\u0173 pakaitinimo \u017evaki\u0173 i\u0161sukimui M8x1 ir M10x1"},"content":{"rendered":"<p>\u2022 M10 x 1,0<br \/>\n\u2022 M8 x 1,0<br \/>\n\u2022 3,5 mm gr\u0105\u017etas x 2 vnt<br \/>\n\u2022 6&#215;3,5x40L<\/p>","protected":false},"excerpt":{"rendered":"<p>\u012erankiai l\u016b\u017eusi\u0173 pakaitinimo \u017evaki\u0173 i\u0161sukimui M8x1 ir M10x1<\/p>","protected":false},"featured_media":260104,"comment_status":"open","ping_status":"closed","template":"","meta":[],"product_cat":[9699],"product_tag":[10130],"class_list":{"0":"post-360897","1":"product","2":"type-product","3":"status-publish","4":"has-post-thumbnail","6":"product_brand-satra-lenkija","7":"product_cat-uzluzusiu-zvakiu-remontui","8":"product_tag-satra-lenkija","10":"first","11":"instock","12":"purchasable","13":"product-type-simple"},"jetpack_sharing_enabled":true,"_links":{"self":[{"href":"https:\/\/irankiuzona.lt\/ru\/wp-json\/wp\/v2\/product\/360897","targetHints":{"allow":["GET"]}}],"collection":[{"href":"https:\/\/irankiuzona.lt\/ru\/wp-json\/wp\/v2\/product"}],"about":[{"href":"https:\/\/irankiuzona.lt\/ru\/wp-json\/wp\/v2\/types\/product"}],"replies":[{"embeddable":true,"href":"https:\/\/irankiuzona.lt\/ru\/wp-json\/wp\/v2\/comments?post=360897"}],"version-history":[{"count":1,"href":"https:\/\/irankiuzona.lt\/ru\/wp-json\/wp\/v2\/product\/360897\/revisions"}],"predecessor-version":[{"id":421834,"href":"https:\/\/irankiuzona.lt\/ru\/wp-json\/wp\/v2\/product\/360897\/revisions\/421834"}],"wp:featuredmedia":[{"embeddable":true,"href":"https:\/\/irankiuzona.lt\/ru\/wp-json\/wp\/v2\/media\/260104"}],"wp:attachment":[{"href":"https:\/\/irankiuzona.lt\/ru\/wp-json\/wp\/v2\/media?parent=360897"}],"wp:term":[{"taxonomy":"product_cat","embeddable":true,"href":"https:\/\/irankiuzona.lt\/ru\/wp-json\/wp\/v2\/product_cat?post=360897"},{"taxonomy":"product_tag","embeddable":true,"href":"https:\/\/irankiuzona.lt\/ru\/wp-json\/wp\/v2\/product_tag?post=360897"}],"curies":[{"name":"wp","href":"https:\/\/api.w.org\/{rel}","templated":true}]}}