{"id":361231,"date":"2024-10-05T04:29:50","date_gmt":"2024-10-05T04:29:50","guid":{"rendered":"https:\/\/irankiuzona.lt\/product\/reples-pusasiu-gumu-savarzoms-6\/"},"modified":"2026-05-14T20:40:56","modified_gmt":"2026-05-14T20:40:56","slug":"reples-pusasiu-gumu-savarzoms-6","status":"publish","type":"product","link":"https:\/\/irankiuzona.lt\/ru\/product\/reples-pusasiu-gumu-savarzoms-6\/","title":{"rendered":"Repl\u0117s pusa\u0161i\u0173 gum\u0173 s\u0105var\u017eoms"},"content":{"rendered":"<p>Audi, Bmw, Chrysler, Ford, GM, Honda, Mazda, Mercedes Benz, Nissan, Opel, Porsche, VW ir kt.<\/p>","protected":false},"excerpt":{"rendered":"<p>Repl\u0117s pusa\u0161i\u0173\u00a0s\u0105var\u017eoms be auseli\u0173 ir termoplastin\u0117mis gumoms\u00a0(Oetiker 168, iki \u00d8100 mm)<\/p>","protected":false},"featured_media":264543,"comment_status":"open","ping_status":"open","template":"","meta":[],"product_cat":[9764],"product_tag":[9435],"class_list":{"0":"post-361231","1":"product","2":"type-product","3":"status-publish","4":"has-post-thumbnail","6":"product_brand-kinija","7":"product_cat-irankiai-granatoms-pusasiu-gumoms-savarzos","8":"product_tag-kinija","10":"first","11":"instock","12":"purchasable","13":"product-type-simple"},"jetpack_sharing_enabled":true,"_links":{"self":[{"href":"https:\/\/irankiuzona.lt\/ru\/wp-json\/wp\/v2\/product\/361231","targetHints":{"allow":["GET"]}}],"collection":[{"href":"https:\/\/irankiuzona.lt\/ru\/wp-json\/wp\/v2\/product"}],"about":[{"href":"https:\/\/irankiuzona.lt\/ru\/wp-json\/wp\/v2\/types\/product"}],"replies":[{"embeddable":true,"href":"https:\/\/irankiuzona.lt\/ru\/wp-json\/wp\/v2\/comments?post=361231"}],"version-history":[{"count":1,"href":"https:\/\/irankiuzona.lt\/ru\/wp-json\/wp\/v2\/product\/361231\/revisions"}],"predecessor-version":[{"id":423298,"href":"https:\/\/irankiuzona.lt\/ru\/wp-json\/wp\/v2\/product\/361231\/revisions\/423298"}],"wp:featuredmedia":[{"embeddable":true,"href":"https:\/\/irankiuzona.lt\/ru\/wp-json\/wp\/v2\/media\/264543"}],"wp:attachment":[{"href":"https:\/\/irankiuzona.lt\/ru\/wp-json\/wp\/v2\/media?parent=361231"}],"wp:term":[{"taxonomy":"product_cat","embeddable":true,"href":"https:\/\/irankiuzona.lt\/ru\/wp-json\/wp\/v2\/product_cat?post=361231"},{"taxonomy":"product_tag","embeddable":true,"href":"https:\/\/irankiuzona.lt\/ru\/wp-json\/wp\/v2\/product_tag?post=361231"}],"curies":[{"name":"wp","href":"https:\/\/api.w.org\/{rel}","templated":true}]}}