{"id":361237,"date":"2024-10-05T04:29:56","date_gmt":"2024-10-05T04:29:56","guid":{"rendered":"https:\/\/irankiuzona.lt\/product\/dyzeliniu-purkstuku-istraukimo-komplektas-3\/"},"modified":"2026-04-15T02:30:34","modified_gmt":"2026-04-15T02:30:34","slug":"dyzeliniu-purkstuku-istraukimo-komplektas-3","status":"publish","type":"product","link":"https:\/\/irankiuzona.lt\/ru\/product\/dyzeliniu-purkstuku-istraukimo-komplektas-3\/","title":{"rendered":"DYZELINI\u0172 PURK\u0160TUK\u0172 I\u0160TRAUKIMO KOMPLEKTAS"},"content":{"rendered":"<p>M14x1.5 DELPHI,M17x1.0 Bosch,M20x1.0 DENSO,M25x1.0 Siemens,M27x1.0 Siemens,M27x1.0 Bosch.<\/p>","protected":false},"excerpt":{"rendered":"<p>DYZELINI\u0172 PURK\u0160TUK\u0172 I\u0160TRAUKIMO KOMPLEKTAS<\/p>","protected":false},"featured_media":264582,"comment_status":"open","ping_status":"closed","template":"","meta":[],"product_cat":[9701],"product_tag":[10131],"class_list":{"0":"post-361237","1":"product","2":"type-product","3":"status-publish","4":"has-post-thumbnail","6":"product_brand-asta-lenkija","7":"product_cat-purkstuku-istraukimui","8":"product_tag-asta-lenkija","10":"first","11":"instock","12":"purchasable","13":"product-type-simple"},"jetpack_sharing_enabled":true,"_links":{"self":[{"href":"https:\/\/irankiuzona.lt\/ru\/wp-json\/wp\/v2\/product\/361237","targetHints":{"allow":["GET"]}}],"collection":[{"href":"https:\/\/irankiuzona.lt\/ru\/wp-json\/wp\/v2\/product"}],"about":[{"href":"https:\/\/irankiuzona.lt\/ru\/wp-json\/wp\/v2\/types\/product"}],"replies":[{"embeddable":true,"href":"https:\/\/irankiuzona.lt\/ru\/wp-json\/wp\/v2\/comments?post=361237"}],"version-history":[{"count":1,"href":"https:\/\/irankiuzona.lt\/ru\/wp-json\/wp\/v2\/product\/361237\/revisions"}],"predecessor-version":[{"id":423311,"href":"https:\/\/irankiuzona.lt\/ru\/wp-json\/wp\/v2\/product\/361237\/revisions\/423311"}],"wp:featuredmedia":[{"embeddable":true,"href":"https:\/\/irankiuzona.lt\/ru\/wp-json\/wp\/v2\/media\/264582"}],"wp:attachment":[{"href":"https:\/\/irankiuzona.lt\/ru\/wp-json\/wp\/v2\/media?parent=361237"}],"wp:term":[{"taxonomy":"product_cat","embeddable":true,"href":"https:\/\/irankiuzona.lt\/ru\/wp-json\/wp\/v2\/product_cat?post=361237"},{"taxonomy":"product_tag","embeddable":true,"href":"https:\/\/irankiuzona.lt\/ru\/wp-json\/wp\/v2\/product_tag?post=361237"}],"curies":[{"name":"wp","href":"https:\/\/api.w.org\/{rel}","templated":true}]}}