{"id":361257,"date":"2024-10-05T04:30:17","date_gmt":"2024-10-05T04:30:17","guid":{"rendered":"https:\/\/irankiuzona.lt\/product\/laidu-kontaktu-ardymo-irankiai-18vnt-2\/"},"modified":"2026-05-15T12:17:35","modified_gmt":"2026-05-15T12:17:35","slug":"laidu-kontaktu-ardymo-irankiai-18vnt-2","status":"publish","type":"product","link":"https:\/\/irankiuzona.lt\/ru\/product\/laidu-kontaktu-ardymo-irankiai-18vnt-2\/","title":{"rendered":"Laid\u0173 kontakt\u0173 ardymo \u012frankiai 18vnt."},"content":{"rendered":"<p>Specialus rinkinys skirtas i\u0161traukti gnybtus i\u0161 plastikini\u0173 jung\u010di\u0173 j\u0173 nepa\u017eeid\u017eiantErgonomi\u0161kos formos, tod\u0117l labai lengva naudoti, nepa\u017eeid\u017eia kai\u0161\u010di\u0173Tinka daugumai transporto priemoni\u0173 remontuojant elektros instaliacij\u0105<\/p>","protected":false},"excerpt":{"rendered":"<p>Laid\u0173 kontakt\u0173 ardymo \u012frankiai 18vnt.<\/p>","protected":false},"featured_media":264699,"comment_status":"open","ping_status":"open","template":"","meta":[],"product_cat":[9613],"product_tag":[10131],"class_list":{"0":"post-361257","1":"product","2":"type-product","3":"status-publish","4":"has-post-thumbnail","6":"product_brand-asta-lenkija","7":"product_cat-kontaktu-montavimo-irankiai","8":"product_tag-asta-lenkija","10":"first","11":"instock","12":"purchasable","13":"product-type-simple"},"jetpack_sharing_enabled":true,"_links":{"self":[{"href":"https:\/\/irankiuzona.lt\/ru\/wp-json\/wp\/v2\/product\/361257","targetHints":{"allow":["GET"]}}],"collection":[{"href":"https:\/\/irankiuzona.lt\/ru\/wp-json\/wp\/v2\/product"}],"about":[{"href":"https:\/\/irankiuzona.lt\/ru\/wp-json\/wp\/v2\/types\/product"}],"replies":[{"embeddable":true,"href":"https:\/\/irankiuzona.lt\/ru\/wp-json\/wp\/v2\/comments?post=361257"}],"version-history":[{"count":1,"href":"https:\/\/irankiuzona.lt\/ru\/wp-json\/wp\/v2\/product\/361257\/revisions"}],"predecessor-version":[{"id":423349,"href":"https:\/\/irankiuzona.lt\/ru\/wp-json\/wp\/v2\/product\/361257\/revisions\/423349"}],"wp:featuredmedia":[{"embeddable":true,"href":"https:\/\/irankiuzona.lt\/ru\/wp-json\/wp\/v2\/media\/264699"}],"wp:attachment":[{"href":"https:\/\/irankiuzona.lt\/ru\/wp-json\/wp\/v2\/media?parent=361257"}],"wp:term":[{"taxonomy":"product_cat","embeddable":true,"href":"https:\/\/irankiuzona.lt\/ru\/wp-json\/wp\/v2\/product_cat?post=361257"},{"taxonomy":"product_tag","embeddable":true,"href":"https:\/\/irankiuzona.lt\/ru\/wp-json\/wp\/v2\/product_tag?post=361257"}],"curies":[{"name":"wp","href":"https:\/\/api.w.org\/{rel}","templated":true}]}}