{"id":361291,"date":"2024-10-05T04:31:11","date_gmt":"2024-10-05T04:31:11","guid":{"rendered":"https:\/\/irankiuzona.lt\/product\/pirstines-medvilnines-aplietos-lateksu-9-dydis-2\/"},"modified":"2026-04-11T06:05:57","modified_gmt":"2026-04-11T06:05:57","slug":"pirstines-medvilnines-aplietos-lateksu-9-dydis-2","status":"publish","type":"product","link":"https:\/\/irankiuzona.lt\/ru\/product\/pirstines-medvilnines-aplietos-lateksu-9-dydis-2\/","title":{"rendered":"Pir\u0161tin\u0117s medvilnin\u0117s aplietos lateksu 9 Dydis"},"content":{"rendered":"<p>med\u017eiaga: lateksu dengtas poliesterio mezginys atsparumas dilimui ir ply\u0161imuipuikus sukibimas priglunda prie rankos, elastinga.rie\u0161o dir\u017eelisneslystanti rankena.<\/p>","protected":false},"excerpt":{"rendered":"<p>Pir\u0161tin\u0117s medvilnin\u0117s aplietos lateksu 9 Dydis<\/p>","protected":false},"featured_media":265021,"comment_status":"open","ping_status":"open","template":"","meta":[],"product_cat":[9990],"product_tag":[9969],"class_list":{"0":"post-361291","1":"product","2":"type-product","3":"status-publish","4":"has-post-thumbnail","6":"product_brand-hogert-technik-vokietija","7":"product_cat-aplietos-darbo-pirstines","8":"product_tag-hogert-technik-vokietija","10":"first","11":"instock","12":"purchasable","13":"product-type-simple"},"jetpack_sharing_enabled":true,"_links":{"self":[{"href":"https:\/\/irankiuzona.lt\/ru\/wp-json\/wp\/v2\/product\/361291","targetHints":{"allow":["GET"]}}],"collection":[{"href":"https:\/\/irankiuzona.lt\/ru\/wp-json\/wp\/v2\/product"}],"about":[{"href":"https:\/\/irankiuzona.lt\/ru\/wp-json\/wp\/v2\/types\/product"}],"replies":[{"embeddable":true,"href":"https:\/\/irankiuzona.lt\/ru\/wp-json\/wp\/v2\/comments?post=361291"}],"version-history":[{"count":1,"href":"https:\/\/irankiuzona.lt\/ru\/wp-json\/wp\/v2\/product\/361291\/revisions"}],"predecessor-version":[{"id":423459,"href":"https:\/\/irankiuzona.lt\/ru\/wp-json\/wp\/v2\/product\/361291\/revisions\/423459"}],"wp:featuredmedia":[{"embeddable":true,"href":"https:\/\/irankiuzona.lt\/ru\/wp-json\/wp\/v2\/media\/265021"}],"wp:attachment":[{"href":"https:\/\/irankiuzona.lt\/ru\/wp-json\/wp\/v2\/media?parent=361291"}],"wp:term":[{"taxonomy":"product_cat","embeddable":true,"href":"https:\/\/irankiuzona.lt\/ru\/wp-json\/wp\/v2\/product_cat?post=361291"},{"taxonomy":"product_tag","embeddable":true,"href":"https:\/\/irankiuzona.lt\/ru\/wp-json\/wp\/v2\/product_tag?post=361291"}],"curies":[{"name":"wp","href":"https:\/\/api.w.org\/{rel}","templated":true}]}}