{"id":361293,"date":"2024-10-05T04:31:13","date_gmt":"2024-10-05T04:31:13","guid":{"rendered":"https:\/\/irankiuzona.lt\/product\/pirstines-medvilnines-aplietos-lateksu-10-dydis-2\/"},"modified":"2026-04-11T07:59:53","modified_gmt":"2026-04-11T07:59:53","slug":"pirstines-medvilnines-aplietos-lateksu-10-dydis-2","status":"publish","type":"product","link":"https:\/\/irankiuzona.lt\/ru\/product\/pirstines-medvilnines-aplietos-lateksu-10-dydis-2\/","title":{"rendered":"Pir\u0161tin\u0117s medvilnin\u0117s aplietos lateksu 10 Dydis"},"content":{"rendered":"<p>med\u017eiaga: poliesterio trikota\u017eas;vir\u0161utin\u0117 ir rankenos dalis padengta nitrilo danga;atsparumas ply\u0161imui ir prad\u016brimui;puikus sukibimas ir lyt\u0117jimo jausmas;saugus aplinkai, nitrilas yra biologi\u0161kai skaidus.<\/p>","protected":false},"excerpt":{"rendered":"<p>Pir\u0161tin\u0117s medvilnin\u0117s aplietos lateksu 10 Dydis<\/p>","protected":false},"featured_media":265036,"comment_status":"open","ping_status":"open","template":"","meta":[],"product_cat":[9990],"product_tag":[9969],"class_list":{"0":"post-361293","1":"product","2":"type-product","3":"status-publish","4":"has-post-thumbnail","6":"product_brand-hogert-technik-vokietija","7":"product_cat-aplietos-darbo-pirstines","8":"product_tag-hogert-technik-vokietija","10":"first","11":"outofstock","12":"purchasable","13":"product-type-simple"},"jetpack_sharing_enabled":true,"_links":{"self":[{"href":"https:\/\/irankiuzona.lt\/ru\/wp-json\/wp\/v2\/product\/361293","targetHints":{"allow":["GET"]}}],"collection":[{"href":"https:\/\/irankiuzona.lt\/ru\/wp-json\/wp\/v2\/product"}],"about":[{"href":"https:\/\/irankiuzona.lt\/ru\/wp-json\/wp\/v2\/types\/product"}],"replies":[{"embeddable":true,"href":"https:\/\/irankiuzona.lt\/ru\/wp-json\/wp\/v2\/comments?post=361293"}],"version-history":[{"count":1,"href":"https:\/\/irankiuzona.lt\/ru\/wp-json\/wp\/v2\/product\/361293\/revisions"}],"predecessor-version":[{"id":423464,"href":"https:\/\/irankiuzona.lt\/ru\/wp-json\/wp\/v2\/product\/361293\/revisions\/423464"}],"wp:featuredmedia":[{"embeddable":true,"href":"https:\/\/irankiuzona.lt\/ru\/wp-json\/wp\/v2\/media\/265036"}],"wp:attachment":[{"href":"https:\/\/irankiuzona.lt\/ru\/wp-json\/wp\/v2\/media?parent=361293"}],"wp:term":[{"taxonomy":"product_cat","embeddable":true,"href":"https:\/\/irankiuzona.lt\/ru\/wp-json\/wp\/v2\/product_cat?post=361293"},{"taxonomy":"product_tag","embeddable":true,"href":"https:\/\/irankiuzona.lt\/ru\/wp-json\/wp\/v2\/product_tag?post=361293"}],"curies":[{"name":"wp","href":"https:\/\/api.w.org\/{rel}","templated":true}]}}