{"id":361303,"date":"2024-10-05T04:32:04","date_gmt":"2024-10-05T04:32:04","guid":{"rendered":"https:\/\/irankiuzona.lt\/product\/irankiai-kebulo-ilenkimams-lyginti-2\/"},"modified":"2026-05-09T16:46:39","modified_gmt":"2026-05-09T16:46:39","slug":"irankiai-kebulo-ilenkimams-lyginti-2","status":"publish","type":"product","link":"https:\/\/irankiuzona.lt\/ru\/product\/irankiai-kebulo-ilenkimams-lyginti-2\/","title":{"rendered":"\u012erankiai k\u0117bulo \u012flenkimams lyginti"},"content":{"rendered":"<p>1 x PDR traukimo \u012frankis,33 x pagalv\u0117l\u0117s,6 x PDR kar\u0161to lydimo klij\u0173 lazdel\u0117s ,1 x 100 ml klij\u0173 buteliukas su patogiu purk\u0161tuvu,1 x mentele \/ klij\u0173 valiklis,<\/p>","protected":false},"excerpt":{"rendered":"<p>\u012etaisas automobilio k\u0117bulo \u012flenkimams \u0161alinti. Galimyb\u0119 lengvai ir efektyviai pa\u0161alinti \u012flenkimus.\u00a0Produktas nepalieka p\u0117dsak\u0173.D\u0117l mink\u0161t\u0173, bei patvari\u0173 gumini\u0173 pagrind\u0173 ir adapteri\u0173 tempimas nepa\u017eeis da\u017e\u0173 dangos. \u012e komplekt\u0105 \u012feina mentel\u0117 kar\u0161t\u0173 klij\u0173 liku\u010diams pa\u0161alinti.<\/p>","protected":false},"featured_media":265344,"comment_status":"open","ping_status":"open","template":"","meta":[],"product_cat":[9556],"product_tag":[10104],"class_list":{"0":"post-361303","1":"product","2":"type-product","3":"status-publish","4":"has-post-thumbnail","6":"product_brand-kraftdele","7":"product_cat-irankiai-kebulo-lyginimui","8":"product_tag-kraftdele","10":"first","11":"instock","12":"purchasable","13":"product-type-simple"},"jetpack_sharing_enabled":true,"_links":{"self":[{"href":"https:\/\/irankiuzona.lt\/ru\/wp-json\/wp\/v2\/product\/361303","targetHints":{"allow":["GET"]}}],"collection":[{"href":"https:\/\/irankiuzona.lt\/ru\/wp-json\/wp\/v2\/product"}],"about":[{"href":"https:\/\/irankiuzona.lt\/ru\/wp-json\/wp\/v2\/types\/product"}],"replies":[{"embeddable":true,"href":"https:\/\/irankiuzona.lt\/ru\/wp-json\/wp\/v2\/comments?post=361303"}],"version-history":[{"count":1,"href":"https:\/\/irankiuzona.lt\/ru\/wp-json\/wp\/v2\/product\/361303\/revisions"}],"predecessor-version":[{"id":423570,"href":"https:\/\/irankiuzona.lt\/ru\/wp-json\/wp\/v2\/product\/361303\/revisions\/423570"}],"wp:featuredmedia":[{"embeddable":true,"href":"https:\/\/irankiuzona.lt\/ru\/wp-json\/wp\/v2\/media\/265344"}],"wp:attachment":[{"href":"https:\/\/irankiuzona.lt\/ru\/wp-json\/wp\/v2\/media?parent=361303"}],"wp:term":[{"taxonomy":"product_cat","embeddable":true,"href":"https:\/\/irankiuzona.lt\/ru\/wp-json\/wp\/v2\/product_cat?post=361303"},{"taxonomy":"product_tag","embeddable":true,"href":"https:\/\/irankiuzona.lt\/ru\/wp-json\/wp\/v2\/product_tag?post=361303"}],"curies":[{"name":"wp","href":"https:\/\/api.w.org\/{rel}","templated":true}]}}