{"id":361305,"date":"2024-10-05T04:32:09","date_gmt":"2024-10-05T04:32:09","guid":{"rendered":"https:\/\/irankiuzona.lt\/product\/transmisijos-domkratas-500kg-2\/"},"modified":"2026-05-09T23:39:41","modified_gmt":"2026-05-09T23:39:41","slug":"transmisijos-domkratas-500kg-2","status":"publish","type":"product","link":"https:\/\/irankiuzona.lt\/ru\/product\/transmisijos-domkratas-500kg-2\/","title":{"rendered":"Transmisijos domkratas 500kg"},"content":{"rendered":"<p>K\u0117limo galia 500kg<br \/>\nK\u0117limo auk\u0161tis 110-190cm<br \/>\nSvoris 25KG<\/p>","protected":false},"excerpt":{"rendered":"<p>D\u0116MESIO ATLAISVINTI NUORINIMO VAR\u017dT\u0104 PRIE\u0160 NAUDOJANT !!!Transmisijos domkratas 500kg<\/p>","protected":false},"featured_media":265377,"comment_status":"open","ping_status":"open","template":"","meta":[],"product_cat":[9929],"product_tag":[10104],"class_list":{"0":"post-361305","1":"product","2":"type-product","3":"status-publish","4":"has-post-thumbnail","6":"product_brand-kraftdele","7":"product_cat-keltuvai-greiciu-dezems","8":"product_tag-kraftdele","10":"first","11":"outofstock","12":"purchasable","13":"product-type-simple"},"jetpack_sharing_enabled":true,"_links":{"self":[{"href":"https:\/\/irankiuzona.lt\/ru\/wp-json\/wp\/v2\/product\/361305","targetHints":{"allow":["GET"]}}],"collection":[{"href":"https:\/\/irankiuzona.lt\/ru\/wp-json\/wp\/v2\/product"}],"about":[{"href":"https:\/\/irankiuzona.lt\/ru\/wp-json\/wp\/v2\/types\/product"}],"replies":[{"embeddable":true,"href":"https:\/\/irankiuzona.lt\/ru\/wp-json\/wp\/v2\/comments?post=361305"}],"version-history":[{"count":1,"href":"https:\/\/irankiuzona.lt\/ru\/wp-json\/wp\/v2\/product\/361305\/revisions"}],"predecessor-version":[{"id":423581,"href":"https:\/\/irankiuzona.lt\/ru\/wp-json\/wp\/v2\/product\/361305\/revisions\/423581"}],"wp:featuredmedia":[{"embeddable":true,"href":"https:\/\/irankiuzona.lt\/ru\/wp-json\/wp\/v2\/media\/265377"}],"wp:attachment":[{"href":"https:\/\/irankiuzona.lt\/ru\/wp-json\/wp\/v2\/media?parent=361305"}],"wp:term":[{"taxonomy":"product_cat","embeddable":true,"href":"https:\/\/irankiuzona.lt\/ru\/wp-json\/wp\/v2\/product_cat?post=361305"},{"taxonomy":"product_tag","embeddable":true,"href":"https:\/\/irankiuzona.lt\/ru\/wp-json\/wp\/v2\/product_tag?post=361305"}],"curies":[{"name":"wp","href":"https:\/\/api.w.org\/{rel}","templated":true}]}}