{"id":361367,"date":"2024-10-05T04:34:32","date_gmt":"2024-10-05T04:34:32","guid":{"rendered":"https:\/\/irankiuzona.lt\/product\/karbiuratoriaus-sinchronizatorius-2\/"},"modified":"2026-05-15T22:05:56","modified_gmt":"2026-05-15T22:05:56","slug":"karbiuratoriaus-sinchronizatorius-2","status":"publish","type":"product","link":"https:\/\/irankiuzona.lt\/ru\/product\/karbiuratoriaus-sinchronizatorius-2\/","title":{"rendered":"Karbiuratoriaus sinchronizatorius"},"content":{"rendered":"<p>Sinchronizatoriaus manometrai4 \u017earnos: 7,2\u00d75\u00d77500 mm<br \/>\nPrailgintuvai:4 vnt. 3.9\u00d798 mm4 vnt. 3.9\u00d7170 mm<br \/>\nK\u016bginiai sujungimai:8 vnt. 8\u00d740mm,4 vnt. -10\u00d753 mm (M6\u00d70.75),4 vnt. -10\u00d760 mm (M6\u00d71.0)<\/p>","protected":false},"excerpt":{"rendered":"<p>Karbiuratoriaus sinchronizatorius<\/p>","protected":false},"featured_media":266119,"comment_status":"open","ping_status":"open","template":"","meta":[],"product_cat":[9550],"product_tag":[9435],"class_list":{"0":"post-361367","1":"product","2":"type-product","3":"status-publish","4":"has-post-thumbnail","6":"product_brand-kinija","7":"product_cat-kiti-matuokliai-stetoskopai-termometrai-karbiuratoriams","8":"product_tag-kinija","10":"first","11":"outofstock","12":"purchasable","13":"product-type-simple"},"jetpack_sharing_enabled":true,"_links":{"self":[{"href":"https:\/\/irankiuzona.lt\/ru\/wp-json\/wp\/v2\/product\/361367","targetHints":{"allow":["GET"]}}],"collection":[{"href":"https:\/\/irankiuzona.lt\/ru\/wp-json\/wp\/v2\/product"}],"about":[{"href":"https:\/\/irankiuzona.lt\/ru\/wp-json\/wp\/v2\/types\/product"}],"replies":[{"embeddable":true,"href":"https:\/\/irankiuzona.lt\/ru\/wp-json\/wp\/v2\/comments?post=361367"}],"version-history":[{"count":1,"href":"https:\/\/irankiuzona.lt\/ru\/wp-json\/wp\/v2\/product\/361367\/revisions"}],"predecessor-version":[{"id":423823,"href":"https:\/\/irankiuzona.lt\/ru\/wp-json\/wp\/v2\/product\/361367\/revisions\/423823"}],"wp:featuredmedia":[{"embeddable":true,"href":"https:\/\/irankiuzona.lt\/ru\/wp-json\/wp\/v2\/media\/266119"}],"wp:attachment":[{"href":"https:\/\/irankiuzona.lt\/ru\/wp-json\/wp\/v2\/media?parent=361367"}],"wp:term":[{"taxonomy":"product_cat","embeddable":true,"href":"https:\/\/irankiuzona.lt\/ru\/wp-json\/wp\/v2\/product_cat?post=361367"},{"taxonomy":"product_tag","embeddable":true,"href":"https:\/\/irankiuzona.lt\/ru\/wp-json\/wp\/v2\/product_tag?post=361367"}],"curies":[{"name":"wp","href":"https:\/\/api.w.org\/{rel}","templated":true}]}}