{"id":361383,"date":"2024-10-05T04:34:49","date_gmt":"2024-10-05T04:34:49","guid":{"rendered":"https:\/\/irankiuzona.lt\/product\/dyzeliniu-purkstuku-diagnostikos-komplektas-2\/"},"modified":"2026-04-12T06:19:29","modified_gmt":"2026-04-12T06:19:29","slug":"dyzeliniu-purkstuku-diagnostikos-komplektas-2","status":"publish","type":"product","link":"https:\/\/irankiuzona.lt\/ru\/product\/dyzeliniu-purkstuku-diagnostikos-komplektas-2\/","title":{"rendered":"Dyzelini\u0173 purk\u0161tuk\u0173 diagnostikos komplektas"},"content":{"rendered":"<p>Common rail purk\u0161tuk\u0173 diagnostikos komplektas dyzel.Bosch, Delphi, Denso, Siemens.<\/p>","protected":false},"excerpt":{"rendered":"<p>Dyzelini\u0173 purk\u0161tuk\u0173 diagnostikos komplektas<\/p>","protected":false},"featured_media":266188,"comment_status":"open","ping_status":"open","template":"","meta":[],"product_cat":[9700],"product_tag":[10131],"class_list":{"0":"post-361383","1":"product","2":"type-product","3":"status-publish","4":"has-post-thumbnail","6":"product_brand-asta-lenkija","7":"product_cat-dyzeliniu-purkstuku-diagnostika","8":"product_tag-asta-lenkija","10":"first","11":"instock","12":"purchasable","13":"product-type-simple"},"jetpack_sharing_enabled":true,"_links":{"self":[{"href":"https:\/\/irankiuzona.lt\/ru\/wp-json\/wp\/v2\/product\/361383","targetHints":{"allow":["GET"]}}],"collection":[{"href":"https:\/\/irankiuzona.lt\/ru\/wp-json\/wp\/v2\/product"}],"about":[{"href":"https:\/\/irankiuzona.lt\/ru\/wp-json\/wp\/v2\/types\/product"}],"replies":[{"embeddable":true,"href":"https:\/\/irankiuzona.lt\/ru\/wp-json\/wp\/v2\/comments?post=361383"}],"version-history":[{"count":1,"href":"https:\/\/irankiuzona.lt\/ru\/wp-json\/wp\/v2\/product\/361383\/revisions"}],"predecessor-version":[{"id":423847,"href":"https:\/\/irankiuzona.lt\/ru\/wp-json\/wp\/v2\/product\/361383\/revisions\/423847"}],"wp:featuredmedia":[{"embeddable":true,"href":"https:\/\/irankiuzona.lt\/ru\/wp-json\/wp\/v2\/media\/266188"}],"wp:attachment":[{"href":"https:\/\/irankiuzona.lt\/ru\/wp-json\/wp\/v2\/media?parent=361383"}],"wp:term":[{"taxonomy":"product_cat","embeddable":true,"href":"https:\/\/irankiuzona.lt\/ru\/wp-json\/wp\/v2\/product_cat?post=361383"},{"taxonomy":"product_tag","embeddable":true,"href":"https:\/\/irankiuzona.lt\/ru\/wp-json\/wp\/v2\/product_tag?post=361383"}],"curies":[{"name":"wp","href":"https:\/\/api.w.org\/{rel}","templated":true}]}}