{"id":361405,"date":"2024-10-05T04:35:35","date_gmt":"2024-10-05T04:35:35","guid":{"rendered":"https:\/\/irankiuzona.lt\/product\/testavimo-irankiai-elektrikui-92-daliu-2\/"},"modified":"2026-05-15T22:06:13","modified_gmt":"2026-05-15T22:06:13","slug":"testavimo-irankiai-elektrikui-92-daliu-2","status":"publish","type":"product","link":"https:\/\/irankiuzona.lt\/ru\/product\/testavimo-irankiai-elektrikui-92-daliu-2\/","title":{"rendered":"Testavimo \u012frankiai elektrikui \/ 92 dali\u0173"},"content":{"rendered":"<p>Standartiniai \u00f84 mm ki\u0161tukai ir lizdai, tinkami naudoti su daugeliu diagnostini\u0173 multimetr\u0173.<\/p>","protected":false},"excerpt":{"rendered":"<p>Testavimo \u012frankiai elektrikui \/ 92 dali\u0173<\/p>","protected":false},"featured_media":266434,"comment_status":"open","ping_status":"closed","template":"","meta":[],"product_cat":[9445],"product_tag":[10131],"class_list":{"0":"post-361405","1":"product","2":"type-product","3":"status-publish","4":"has-post-thumbnail","6":"product_brand-asta-lenkija","7":"product_cat-testeriai","8":"product_tag-asta-lenkija","10":"first","11":"instock","12":"purchasable","13":"product-type-simple"},"jetpack_sharing_enabled":true,"_links":{"self":[{"href":"https:\/\/irankiuzona.lt\/ru\/wp-json\/wp\/v2\/product\/361405","targetHints":{"allow":["GET"]}}],"collection":[{"href":"https:\/\/irankiuzona.lt\/ru\/wp-json\/wp\/v2\/product"}],"about":[{"href":"https:\/\/irankiuzona.lt\/ru\/wp-json\/wp\/v2\/types\/product"}],"replies":[{"embeddable":true,"href":"https:\/\/irankiuzona.lt\/ru\/wp-json\/wp\/v2\/comments?post=361405"}],"version-history":[{"count":1,"href":"https:\/\/irankiuzona.lt\/ru\/wp-json\/wp\/v2\/product\/361405\/revisions"}],"predecessor-version":[{"id":423933,"href":"https:\/\/irankiuzona.lt\/ru\/wp-json\/wp\/v2\/product\/361405\/revisions\/423933"}],"wp:featuredmedia":[{"embeddable":true,"href":"https:\/\/irankiuzona.lt\/ru\/wp-json\/wp\/v2\/media\/266434"}],"wp:attachment":[{"href":"https:\/\/irankiuzona.lt\/ru\/wp-json\/wp\/v2\/media?parent=361405"}],"wp:term":[{"taxonomy":"product_cat","embeddable":true,"href":"https:\/\/irankiuzona.lt\/ru\/wp-json\/wp\/v2\/product_cat?post=361405"},{"taxonomy":"product_tag","embeddable":true,"href":"https:\/\/irankiuzona.lt\/ru\/wp-json\/wp\/v2\/product_tag?post=361405"}],"curies":[{"name":"wp","href":"https:\/\/api.w.org\/{rel}","templated":true}]}}