{"id":361483,"date":"2024-10-05T04:37:58","date_gmt":"2024-10-05T04:37:58","guid":{"rendered":"https:\/\/irankiuzona.lt\/product\/reples-zarnelems-uzspausti-lenktos3-2\/"},"modified":"2026-01-29T15:50:53","modified_gmt":"2026-01-29T15:50:53","slug":"reples-zarnelems-uzspausti-lenktos3-2","status":"publish","type":"product","link":"https:\/\/irankiuzona.lt\/ru\/product\/reples-zarnelems-uzspausti-lenktos3-2\/","title":{"rendered":"Repl\u0117s \u017earnel\u0117ms u\u017espausti lenktos*3"},"content":{"rendered":"<p>\u00d810mm, \u00d815mm, \u00d824mm<\/p>","protected":false},"excerpt":{"rendered":"<p>Repl\u0117s \u017earnel\u0117ms u\u017espausti lenktos*3<\/p>","protected":false},"featured_media":267195,"comment_status":"open","ping_status":"open","template":"","meta":[],"product_cat":[9468],"product_tag":[10131],"class_list":{"0":"post-361483","1":"product","2":"type-product","3":"status-publish","4":"has-post-thumbnail","6":"product_brand-asta-lenkija","7":"product_cat-zarnu-uzspaudimo-irankiai","8":"product_tag-asta-lenkija","10":"first","11":"outofstock","12":"purchasable","13":"product-type-simple"},"jetpack_sharing_enabled":true,"_links":{"self":[{"href":"https:\/\/irankiuzona.lt\/ru\/wp-json\/wp\/v2\/product\/361483","targetHints":{"allow":["GET"]}}],"collection":[{"href":"https:\/\/irankiuzona.lt\/ru\/wp-json\/wp\/v2\/product"}],"about":[{"href":"https:\/\/irankiuzona.lt\/ru\/wp-json\/wp\/v2\/types\/product"}],"replies":[{"embeddable":true,"href":"https:\/\/irankiuzona.lt\/ru\/wp-json\/wp\/v2\/comments?post=361483"}],"version-history":[{"count":1,"href":"https:\/\/irankiuzona.lt\/ru\/wp-json\/wp\/v2\/product\/361483\/revisions"}],"predecessor-version":[{"id":424194,"href":"https:\/\/irankiuzona.lt\/ru\/wp-json\/wp\/v2\/product\/361483\/revisions\/424194"}],"wp:featuredmedia":[{"embeddable":true,"href":"https:\/\/irankiuzona.lt\/ru\/wp-json\/wp\/v2\/media\/267195"}],"wp:attachment":[{"href":"https:\/\/irankiuzona.lt\/ru\/wp-json\/wp\/v2\/media?parent=361483"}],"wp:term":[{"taxonomy":"product_cat","embeddable":true,"href":"https:\/\/irankiuzona.lt\/ru\/wp-json\/wp\/v2\/product_cat?post=361483"},{"taxonomy":"product_tag","embeddable":true,"href":"https:\/\/irankiuzona.lt\/ru\/wp-json\/wp\/v2\/product_tag?post=361483"}],"curies":[{"name":"wp","href":"https:\/\/api.w.org\/{rel}","templated":true}]}}