{"id":361497,"date":"2024-10-05T04:38:37","date_gmt":"2024-10-05T04:38:37","guid":{"rendered":"https:\/\/irankiuzona.lt\/product\/kuprine-irankiams-4\/"},"modified":"2026-04-15T04:33:55","modified_gmt":"2026-04-15T04:33:55","slug":"kuprine-irankiams-4","status":"publish","type":"product","link":"https:\/\/irankiuzona.lt\/ru\/product\/kuprine-irankiams-4\/","title":{"rendered":"Kuprin\u0117 \u012frankiams"},"content":{"rendered":"<p>Tvirta kuprin\u0117, pagaminta i\u0161 patvaraus 600D poliesterio, yra tvirtumo ir neprilygstamo erdv\u0117s organizavimo sinonimas. D\u0117l specializuot\u0173 kamer\u0173 ir daugyb\u0117s skyri\u0173 jis bus privalomas kiekvienam profesionalui, o pa\u017eang\u016bs dizaino sprendimai u\u017etikrins ilgaam\u017ei\u0161kum\u0105. Pagrindinis \u0161ios kuprin\u0117s bruo\u017eas yra plati ki\u0161eni\u0173 sistema, sukurta maksimaliam j\u016bs\u0173 daikt\u0173 sutvarkymui. I\u0161orin\u0117je ki\u0161en\u0117je, u\u017edarytoje kietu u\u017etrauktuku, yra 8 skyriai smulkiems daiktams, leid\u017eiantys lengvai pasiekti ir atskirti turin\u012f. Pagrindin\u0117je kuprin\u0117s ki\u0161en\u0117je yra keturi skyriai ir papildoma ki\u0161en\u0117 su u\u017etrauktuku, suteikianti vietos didesniems daiktams ir papildoma vertybi\u0173 apsauga. Unikalus elementas \u2013 nuimamas tvarkytuvas su 75 skyreliais smulkiems daiktams, leisiantis palaikyti tvark\u0105 tarp smulki\u0173 pried\u0173 ir \u012franki\u0173.<\/p>","protected":false},"excerpt":{"rendered":"<p>med\u017eiaga: 600D poliesteris;dugnas pagamintas i\u0161 PE med\u017eiagos;vieta vizitinei kortelei;D-\u017eiedas;tinklin\u0117 ki\u0161en\u0117 ant petne\u0161\u0173;pagrindinis skyrius su 3 atviromis ki\u0161en\u0117mis ir papildoma ki\u0161ene su u\u017etrauktuku;i\u0161orin\u0117 ki\u0161en\u0117 su u\u017etrauktuku;nuimamas\u00a0skyrius\u00a0su 75 ki\u0161en\u0117mis smulkiems daiktams.<\/p>","protected":false},"featured_media":267389,"comment_status":"open","ping_status":"closed","template":"","meta":[],"product_cat":[9831],"product_tag":[9969],"class_list":{"0":"post-361497","1":"product","2":"type-product","3":"status-publish","4":"has-post-thumbnail","6":"product_brand-hogert-technik-vokietija","7":"product_cat-irankiu-dezes-krepsiai-kuprines-dirzai","8":"product_tag-hogert-technik-vokietija","10":"first","11":"instock","12":"purchasable","13":"product-type-simple"},"jetpack_sharing_enabled":true,"_links":{"self":[{"href":"https:\/\/irankiuzona.lt\/ru\/wp-json\/wp\/v2\/product\/361497","targetHints":{"allow":["GET"]}}],"collection":[{"href":"https:\/\/irankiuzona.lt\/ru\/wp-json\/wp\/v2\/product"}],"about":[{"href":"https:\/\/irankiuzona.lt\/ru\/wp-json\/wp\/v2\/types\/product"}],"replies":[{"embeddable":true,"href":"https:\/\/irankiuzona.lt\/ru\/wp-json\/wp\/v2\/comments?post=361497"}],"version-history":[{"count":1,"href":"https:\/\/irankiuzona.lt\/ru\/wp-json\/wp\/v2\/product\/361497\/revisions"}],"predecessor-version":[{"id":424273,"href":"https:\/\/irankiuzona.lt\/ru\/wp-json\/wp\/v2\/product\/361497\/revisions\/424273"}],"wp:featuredmedia":[{"embeddable":true,"href":"https:\/\/irankiuzona.lt\/ru\/wp-json\/wp\/v2\/media\/267389"}],"wp:attachment":[{"href":"https:\/\/irankiuzona.lt\/ru\/wp-json\/wp\/v2\/media?parent=361497"}],"wp:term":[{"taxonomy":"product_cat","embeddable":true,"href":"https:\/\/irankiuzona.lt\/ru\/wp-json\/wp\/v2\/product_cat?post=361497"},{"taxonomy":"product_tag","embeddable":true,"href":"https:\/\/irankiuzona.lt\/ru\/wp-json\/wp\/v2\/product_tag?post=361497"}],"curies":[{"name":"wp","href":"https:\/\/api.w.org\/{rel}","templated":true}]}}